{"id":29144,"date":"2025-11-05T21:57:40","date_gmt":"2025-11-05T21:57:40","guid":{"rendered":"https:\/\/cipele.ba\/shop\/uncategorized\/skechers-uno-lite-delodox\/"},"modified":"2026-04-18T14:19:39","modified_gmt":"2026-04-18T14:19:39","slug":"skechers-uno-lite-delodox","status":"publish","type":"product","link":"https:\/\/cipele.ba\/en\/shop\/djeca\/djecije-patike\/skechers-uno-lite-delodox\/","title":{"rendered":"Skechers UNO LITE-DELODOX"},"content":{"rendered":"<p><!--googleoff: all--> <\/p>\n<p>Udobnost sa vazdu\u0161nim jastukom u spoju sa svje\u017eim dizajnom u Skechers Street Uno Lite patikama. Ove klasi\u010dne patike sa pertlama imaju reljefni sinteti\u010dki gornji dio i ulo\u017eak sa Air-Cooled Memory Foam\u00ae tehnologijom za udobnost.<\/p>\n<p>Specifikacija:<\/p>\n<ul>\n<li>Sinteti\u010dki gornji dio sa reljefnim detaljima<\/li>\n<li>Postavljena kragna i jezik sa vezivanjem na pertle<\/li>\n<li>Fleksibilni \u0111on sa dobrim prijanjanjem<\/li>\n<li>Mogu se prati u ma\u0161ini<\/li>\n<li>Skechers\u00ae logo detalj<\/li>\n<li>Ulo\u017eak sa Air-Cooled Memory Foam\u00ae tehnologijom za udobnost<\/li>\n<li>Srednji \u0111on sa vazdu\u0161nim jastukom koji apsorbuje udarce<\/li>\n<\/ul>\n<p> <!--googleon: all--><\/p>","protected":false},"excerpt":{"rendered":"<p>Udobnost sa vazdu\u0161nim jastukom u spoju sa svje\u017eim dizajnom u Skechers Street Uno Lite patikama. Ove klasi\u010dne patike sa pertlama imaju reljefni sinteti\u010dki gornji dio i ulo\u017eak sa Air-Cooled Memory Foam\u00ae tehnologijom za udobnost. Specifikacija: Sinteti\u010dki gornji dio sa reljefnim detaljima Postavljena kragna i jezik sa vezivanjem na pertle Fleksibilni \u0111on sa dobrim prijanjanjem Mogu [&hellip;]<\/p>","protected":false},"featured_media":29141,"template":"","meta":{"jetpack_post_was_ever_published":false},"product_brand":[111],"product_cat":[59],"product_tag":[],"class_list":{"0":"post-29144","1":"product","2":"type-product","3":"status-publish","4":"has-post-thumbnail","6":"product_brand-sport_reality","7":"product_cat-djecije-patike","9":"first","10":"instock","11":"shipping-taxable","12":"product-type-external"},"jetpack-related-posts":[],"jetpack_sharing_enabled":true,"_links":{"self":[{"href":"https:\/\/cipele.ba\/en\/wp-json\/wp\/v2\/product\/29144","targetHints":{"allow":["GET"]}}],"collection":[{"href":"https:\/\/cipele.ba\/en\/wp-json\/wp\/v2\/product"}],"about":[{"href":"https:\/\/cipele.ba\/en\/wp-json\/wp\/v2\/types\/product"}],"wp:featuredmedia":[{"embeddable":true,"href":"https:\/\/cipele.ba\/en\/wp-json\/wp\/v2\/media\/29141"}],"wp:attachment":[{"href":"https:\/\/cipele.ba\/en\/wp-json\/wp\/v2\/media?parent=29144"}],"wp:term":[{"taxonomy":"product_brand","embeddable":true,"href":"https:\/\/cipele.ba\/en\/wp-json\/wp\/v2\/product_brand?post=29144"},{"taxonomy":"product_cat","embeddable":true,"href":"https:\/\/cipele.ba\/en\/wp-json\/wp\/v2\/product_cat?post=29144"},{"taxonomy":"product_tag","embeddable":true,"href":"https:\/\/cipele.ba\/en\/wp-json\/wp\/v2\/product_tag?post=29144"}],"curies":[{"name":"wp","href":"https:\/\/api.w.org\/{rel}","templated":true}]}}