{"id":29146,"date":"2025-11-05T21:57:41","date_gmt":"2025-11-05T21:57:41","guid":{"rendered":"https:\/\/cipele.ba\/shop\/uncategorized\/skechers-vortex-2-0-2\/"},"modified":"2026-04-18T13:25:58","modified_gmt":"2026-04-18T13:25:58","slug":"skechers-vortex-2-0-2","status":"publish","type":"product","link":"https:\/\/cipele.ba\/en\/shop\/djeca\/djecije-patike\/skechers-vortex-2-0-2\/","title":{"rendered":"Skechers Vortex 2.0"},"content":{"rendered":"<p><!--googleoff: all--> <\/p>\n<p> Skechers Vortex 2.0 patike za dje\u010dake su dizajnirane za toplotu i udobnost, imaju postavljeno gornji\u0161te lagane konstrukcije, savr\u0161eno za blokiranje hladno\u0107e u toku fizi\u010dkih aktivnosti napolju. <\/p>\n<\/p>\n<p> <b> Detalji: <\/b> <\/p>\n<li> Dizajn sa postavom obezbje\u0111uje toplotu po hladnom vremenu <\/li>\n<li> Lagana konstrukcija za lako kretanje <\/li>\n<li> Podloga za stopalo s jastu\u010di\u0107ima za ve\u0107u udobnost <\/li>\n<li> Elasti\u010dne pertle sa \u010di\u010dak-trakom za \u010dvrsto prianjanje <\/li>\n<li> Izdr\u017eljiv gumeni spoljni \u0111on za pouzdanu trakciju i stabilnost na raznovrsnim podlogama <\/li>\n<li> LED svjetla koja obasjavaju svaki korak <!--googleon: all--> <\/li>","protected":false},"excerpt":{"rendered":"<p>Skechers Vortex 2.0 patike za dje\u010dake su dizajnirane za toplotu i udobnost, imaju postavljeno gornji\u0161te lagane konstrukcije, savr\u0161eno za blokiranje hladno\u0107e u toku fizi\u010dkih aktivnosti napolju. Detalji: Dizajn sa postavom obezbje\u0111uje toplotu po hladnom vremenu Lagana konstrukcija za lako kretanje Podloga za stopalo s jastu\u010di\u0107ima za ve\u0107u udobnost Elasti\u010dne pertle sa \u010di\u010dak-trakom za \u010dvrsto prianjanje [&hellip;]<\/p>","protected":false},"featured_media":29143,"template":"","meta":{"jetpack_post_was_ever_published":false},"product_brand":[111],"product_cat":[59],"product_tag":[],"class_list":{"0":"post-29146","1":"product","2":"type-product","3":"status-publish","4":"has-post-thumbnail","6":"product_brand-sport_reality","7":"product_cat-djecije-patike","9":"first","10":"instock","11":"shipping-taxable","12":"product-type-external"},"jetpack-related-posts":[],"jetpack_sharing_enabled":true,"_links":{"self":[{"href":"https:\/\/cipele.ba\/en\/wp-json\/wp\/v2\/product\/29146","targetHints":{"allow":["GET"]}}],"collection":[{"href":"https:\/\/cipele.ba\/en\/wp-json\/wp\/v2\/product"}],"about":[{"href":"https:\/\/cipele.ba\/en\/wp-json\/wp\/v2\/types\/product"}],"wp:featuredmedia":[{"embeddable":true,"href":"https:\/\/cipele.ba\/en\/wp-json\/wp\/v2\/media\/29143"}],"wp:attachment":[{"href":"https:\/\/cipele.ba\/en\/wp-json\/wp\/v2\/media?parent=29146"}],"wp:term":[{"taxonomy":"product_brand","embeddable":true,"href":"https:\/\/cipele.ba\/en\/wp-json\/wp\/v2\/product_brand?post=29146"},{"taxonomy":"product_cat","embeddable":true,"href":"https:\/\/cipele.ba\/en\/wp-json\/wp\/v2\/product_cat?post=29146"},{"taxonomy":"product_tag","embeddable":true,"href":"https:\/\/cipele.ba\/en\/wp-json\/wp\/v2\/product_tag?post=29146"}],"curies":[{"name":"wp","href":"https:\/\/api.w.org\/{rel}","templated":true}]}}