{"id":29151,"date":"2025-11-05T21:57:44","date_gmt":"2025-11-05T21:57:44","guid":{"rendered":"https:\/\/cipele.ba\/shop\/uncategorized\/adidas-ownthegame-3-0\/"},"modified":"2026-04-18T14:05:42","modified_gmt":"2026-04-18T14:05:42","slug":"adidas-ownthegame-3-0","status":"publish","type":"product","link":"https:\/\/cipele.ba\/en\/shop\/djeca\/djecije-patike\/adidas-ownthegame-3-0\/","title":{"rendered":"adidas OwnTheGame 3.0"},"content":{"rendered":"<p><!--googleoff: all--> <\/p>\n<p>Bilo da igraju ko\u0161arku, voze bicikle ili se dru\u017ee s drugarima, ove lifestyle adidas OwnTheGame 3.0 uniseks patike za djecu im pru\u017eaju udobnost u stilu inspirisanom ko\u0161arkom.<\/p>\n<\/p>\n<p> <b>Detalji<\/b> <\/p>\n<li> Pertlanje s gornjom \u010di\u010dak-trakom za \u010dvrsto prianjanje<\/li>\n<li> Mre\u017easto gornji\u0161te za lagani i prozra\u010dni osje\u0107aj<\/li>\n<li> Adiwear spoljni \u0111on pru\u017ea izdr\u017eljivost za dugo no\u0161enje<\/li>\n<li> adidas LIGHTMOTION amortizacija podr\u017eava dinami\u010dne pokrete <!--googleon: all--> <\/li>","protected":false},"excerpt":{"rendered":"<p>Bilo da igraju ko\u0161arku, voze bicikle ili se dru\u017ee s drugarima, ove lifestyle adidas OwnTheGame 3.0 uniseks patike za djecu im pru\u017eaju udobnost u stilu inspirisanom ko\u0161arkom. Detalji Pertlanje s gornjom \u010di\u010dak-trakom za \u010dvrsto prianjanje Mre\u017easto gornji\u0161te za lagani i prozra\u010dni osje\u0107aj Adiwear spoljni \u0111on pru\u017ea izdr\u017eljivost za dugo no\u0161enje adidas LIGHTMOTION amortizacija podr\u017eava dinami\u010dne [&hellip;]<\/p>","protected":false},"featured_media":29148,"template":"","meta":{"jetpack_post_was_ever_published":false},"product_brand":[111],"product_cat":[59],"product_tag":[],"class_list":{"0":"post-29151","1":"product","2":"type-product","3":"status-publish","4":"has-post-thumbnail","6":"product_brand-sport_reality","7":"product_cat-djecije-patike","9":"first","10":"instock","11":"sale","12":"shipping-taxable","13":"product-type-external"},"jetpack-related-posts":[],"jetpack_sharing_enabled":true,"_links":{"self":[{"href":"https:\/\/cipele.ba\/en\/wp-json\/wp\/v2\/product\/29151","targetHints":{"allow":["GET"]}}],"collection":[{"href":"https:\/\/cipele.ba\/en\/wp-json\/wp\/v2\/product"}],"about":[{"href":"https:\/\/cipele.ba\/en\/wp-json\/wp\/v2\/types\/product"}],"wp:featuredmedia":[{"embeddable":true,"href":"https:\/\/cipele.ba\/en\/wp-json\/wp\/v2\/media\/29148"}],"wp:attachment":[{"href":"https:\/\/cipele.ba\/en\/wp-json\/wp\/v2\/media?parent=29151"}],"wp:term":[{"taxonomy":"product_brand","embeddable":true,"href":"https:\/\/cipele.ba\/en\/wp-json\/wp\/v2\/product_brand?post=29151"},{"taxonomy":"product_cat","embeddable":true,"href":"https:\/\/cipele.ba\/en\/wp-json\/wp\/v2\/product_cat?post=29151"},{"taxonomy":"product_tag","embeddable":true,"href":"https:\/\/cipele.ba\/en\/wp-json\/wp\/v2\/product_tag?post=29151"}],"curies":[{"name":"wp","href":"https:\/\/api.w.org\/{rel}","templated":true}]}}