{"id":29163,"date":"2025-11-05T21:57:53","date_gmt":"2025-11-05T21:57:53","guid":{"rendered":"https:\/\/cipele.ba\/shop\/uncategorized\/adidas-grand-court-2-0-4\/"},"modified":"2026-04-16T02:25:32","modified_gmt":"2026-04-16T02:25:32","slug":"adidas-grand-court-2-0-4","status":"publish","type":"product","link":"https:\/\/cipele.ba\/en\/shop\/djeca\/djecije-patike\/adidas-grand-court-2-0-4\/","title":{"rendered":"adidas Grand Court 2.0"},"content":{"rendered":"<p><!--googleoff: all--> <\/p>\n<p> Ako bi va\u0161a beba mogla da govori, rekla bi vam koliko voli ove adidas Grand Court 2.0 patike! Bilo da puze, gegaju se ili prave prve korake, zabavne boje i klasi\u010dne 3 pruge \u0107e inspirisati igru za cijeli \u017eivot. <\/p>\n<\/p>\n<p> <b> DETALJI <\/b> <\/p>\n<li> Uobi\u010dajeni kroj <\/li>\n<li> Kop\u010danje \u010di\u010dak-trakom <\/li>\n<li> Gornji\u0161te od sinteti\u010dke ko\u017ee <\/li>\n<li> Tekstilna postava <\/li>\n<li> Kombinovani EVA srednji \u0111on i spoljni \u0111on pru\u017eaju stabilnost i udobnost tokom cijelog dana <\/li>\n<li> Sinteti\u010dki spoljni \u0111on <b> ECO STORY <\/b> <\/li>\n<li> Ovaj proizvod je napravljen od 20% recikliranih materijala <!--googleon: all--> <\/li>","protected":false},"excerpt":{"rendered":"<p>Ako bi va\u0161a beba mogla da govori, rekla bi vam koliko voli ove adidas Grand Court 2.0 patike! Bilo da puze, gegaju se ili prave prve korake, zabavne boje i klasi\u010dne 3 pruge \u0107e inspirisati igru za cijeli \u017eivot. DETALJI Uobi\u010dajeni kroj Kop\u010danje \u010di\u010dak-trakom Gornji\u0161te od sinteti\u010dke ko\u017ee Tekstilna postava Kombinovani EVA srednji \u0111on i [&hellip;]<\/p>","protected":false},"featured_media":29160,"template":"","meta":{"jetpack_post_was_ever_published":false},"product_brand":[111],"product_cat":[59],"product_tag":[],"class_list":{"0":"post-29163","1":"product","2":"type-product","3":"status-publish","4":"has-post-thumbnail","6":"product_brand-sport_reality","7":"product_cat-djecije-patike","9":"first","10":"instock","11":"sale","12":"shipping-taxable","13":"product-type-external"},"jetpack-related-posts":[],"jetpack_sharing_enabled":true,"_links":{"self":[{"href":"https:\/\/cipele.ba\/en\/wp-json\/wp\/v2\/product\/29163","targetHints":{"allow":["GET"]}}],"collection":[{"href":"https:\/\/cipele.ba\/en\/wp-json\/wp\/v2\/product"}],"about":[{"href":"https:\/\/cipele.ba\/en\/wp-json\/wp\/v2\/types\/product"}],"wp:featuredmedia":[{"embeddable":true,"href":"https:\/\/cipele.ba\/en\/wp-json\/wp\/v2\/media\/29160"}],"wp:attachment":[{"href":"https:\/\/cipele.ba\/en\/wp-json\/wp\/v2\/media?parent=29163"}],"wp:term":[{"taxonomy":"product_brand","embeddable":true,"href":"https:\/\/cipele.ba\/en\/wp-json\/wp\/v2\/product_brand?post=29163"},{"taxonomy":"product_cat","embeddable":true,"href":"https:\/\/cipele.ba\/en\/wp-json\/wp\/v2\/product_cat?post=29163"},{"taxonomy":"product_tag","embeddable":true,"href":"https:\/\/cipele.ba\/en\/wp-json\/wp\/v2\/product_tag?post=29163"}],"curies":[{"name":"wp","href":"https:\/\/api.w.org\/{rel}","templated":true}]}}