{"id":29164,"date":"2025-11-05T21:57:53","date_gmt":"2025-11-05T21:57:53","guid":{"rendered":"https:\/\/cipele.ba\/shop\/uncategorized\/adidas-grand-court-2-0-5\/"},"modified":"2026-04-16T02:42:28","modified_gmt":"2026-04-16T02:42:28","slug":"adidas-grand-court-2-0-5","status":"publish","type":"product","link":"https:\/\/cipele.ba\/en\/shop\/djeca\/djecije-patike\/adidas-grand-court-2-0-5\/","title":{"rendered":"adidas Grand Court 2.0"},"content":{"rendered":"<p><!--googleoff: all--> <\/p>\n<p> Bilo da kre\u0107u na vo\u017enju biciklom ili na \u017eurku, ove dje\u010dije adidas Grand Court 2.0 patike omogu\u0107avaju djeci da se kre\u0107u na klasi\u010dan sportski na\u010din. <\/p>\n<\/p>\n<p> <b> DETALJI <\/b> <\/p>\n<li> Regular fit <\/li>\n<li> Elasti\u010dne pertle sa gornjom \u010di\u010dak-trakom<\/li>\n<li> Gornji\u0161te od reciklirane sinteti\u010dke ko\u017ee<\/li>\n<li> Tekstilna postava <\/li>\n<li> Gumeni jednodijelni \u0111on pru\u017ea neophodno prianjanje djeci u pokretu <!--googleon: all--> <\/li>","protected":false},"excerpt":{"rendered":"<p>Bilo da kre\u0107u na vo\u017enju biciklom ili na \u017eurku, ove dje\u010dije adidas Grand Court 2.0 patike omogu\u0107avaju djeci da se kre\u0107u na klasi\u010dan sportski na\u010din. DETALJI Regular fit Elasti\u010dne pertle sa gornjom \u010di\u010dak-trakom Gornji\u0161te od reciklirane sinteti\u010dke ko\u017ee Tekstilna postava Gumeni jednodijelni \u0111on pru\u017ea neophodno prianjanje djeci u pokretu<\/p>","protected":false},"featured_media":29161,"template":"","meta":{"jetpack_post_was_ever_published":false},"product_brand":[111],"product_cat":[59],"product_tag":[],"class_list":{"0":"post-29164","1":"product","2":"type-product","3":"status-publish","4":"has-post-thumbnail","6":"product_brand-sport_reality","7":"product_cat-djecije-patike","9":"first","10":"instock","11":"sale","12":"shipping-taxable","13":"product-type-external"},"jetpack-related-posts":[],"jetpack_sharing_enabled":true,"_links":{"self":[{"href":"https:\/\/cipele.ba\/en\/wp-json\/wp\/v2\/product\/29164","targetHints":{"allow":["GET"]}}],"collection":[{"href":"https:\/\/cipele.ba\/en\/wp-json\/wp\/v2\/product"}],"about":[{"href":"https:\/\/cipele.ba\/en\/wp-json\/wp\/v2\/types\/product"}],"wp:featuredmedia":[{"embeddable":true,"href":"https:\/\/cipele.ba\/en\/wp-json\/wp\/v2\/media\/29161"}],"wp:attachment":[{"href":"https:\/\/cipele.ba\/en\/wp-json\/wp\/v2\/media?parent=29164"}],"wp:term":[{"taxonomy":"product_brand","embeddable":true,"href":"https:\/\/cipele.ba\/en\/wp-json\/wp\/v2\/product_brand?post=29164"},{"taxonomy":"product_cat","embeddable":true,"href":"https:\/\/cipele.ba\/en\/wp-json\/wp\/v2\/product_cat?post=29164"},{"taxonomy":"product_tag","embeddable":true,"href":"https:\/\/cipele.ba\/en\/wp-json\/wp\/v2\/product_tag?post=29164"}],"curies":[{"name":"wp","href":"https:\/\/api.w.org\/{rel}","templated":true}]}}