{"id":29169,"date":"2025-11-05T21:57:57","date_gmt":"2025-11-05T21:57:57","guid":{"rendered":"https:\/\/cipele.ba\/shop\/uncategorized\/nike-air-max-nova-3\/"},"modified":"2026-04-18T21:16:08","modified_gmt":"2026-04-18T21:16:08","slug":"nike-air-max-nova-3","status":"publish","type":"product","link":"https:\/\/cipele.ba\/en\/shop\/djeca\/djecije-patike\/nike-air-max-nova-3\/","title":{"rendered":"Nike Air Max Nova"},"content":{"rendered":"<p><!--googleoff: all--> <\/p>\n<p> Velika amortizacija i upe\u010datljiv stil \u2013 to su vam, ukratko, Air Max Nova patike za dje\u010dake. <\/p>\n<\/p>\n<p> <b> Detalji: <\/b> <\/p>\n<li> Gornji\u0161te od izdr\u017eljive ripstop tkanine i sinteti\u010dke ko\u017ee dodaje izdr\u017eljivost <\/li>\n<li> Meka i udobna, Max Air amortizacija pru\u017ea odgovaraju\u0107u potporu <\/li>\n<li> Srednji \u0111on od meke pjene za dodatnu amortizaciju <\/li>\n<li> Gumeni spoljni \u0111on pru\u017ea izdr\u017eljivu trakciju uz pomo\u0107 \u0161ara inspirisanih vaflima <\/li>\n<li> Klasi\u010dne pertle <!--googleon: all--> <\/li>","protected":false},"excerpt":{"rendered":"<p>Velika amortizacija i upe\u010datljiv stil \u2013 to su vam, ukratko, Air Max Nova patike za dje\u010dake. Detalji: Gornji\u0161te od izdr\u017eljive ripstop tkanine i sinteti\u010dke ko\u017ee dodaje izdr\u017eljivost Meka i udobna, Max Air amortizacija pru\u017ea odgovaraju\u0107u potporu Srednji \u0111on od meke pjene za dodatnu amortizaciju Gumeni spoljni \u0111on pru\u017ea izdr\u017eljivu trakciju uz pomo\u0107 \u0161ara inspirisanih vaflima [&hellip;]<\/p>","protected":false},"featured_media":29166,"template":"","meta":{"jetpack_post_was_ever_published":false},"product_brand":[111],"product_cat":[59],"product_tag":[],"class_list":{"0":"post-29169","1":"product","2":"type-product","3":"status-publish","4":"has-post-thumbnail","6":"product_brand-sport_reality","7":"product_cat-djecije-patike","9":"first","10":"instock","11":"sale","12":"shipping-taxable","13":"product-type-external"},"jetpack-related-posts":[],"jetpack_sharing_enabled":true,"_links":{"self":[{"href":"https:\/\/cipele.ba\/en\/wp-json\/wp\/v2\/product\/29169","targetHints":{"allow":["GET"]}}],"collection":[{"href":"https:\/\/cipele.ba\/en\/wp-json\/wp\/v2\/product"}],"about":[{"href":"https:\/\/cipele.ba\/en\/wp-json\/wp\/v2\/types\/product"}],"wp:featuredmedia":[{"embeddable":true,"href":"https:\/\/cipele.ba\/en\/wp-json\/wp\/v2\/media\/29166"}],"wp:attachment":[{"href":"https:\/\/cipele.ba\/en\/wp-json\/wp\/v2\/media?parent=29169"}],"wp:term":[{"taxonomy":"product_brand","embeddable":true,"href":"https:\/\/cipele.ba\/en\/wp-json\/wp\/v2\/product_brand?post=29169"},{"taxonomy":"product_cat","embeddable":true,"href":"https:\/\/cipele.ba\/en\/wp-json\/wp\/v2\/product_cat?post=29169"},{"taxonomy":"product_tag","embeddable":true,"href":"https:\/\/cipele.ba\/en\/wp-json\/wp\/v2\/product_tag?post=29169"}],"curies":[{"name":"wp","href":"https:\/\/api.w.org\/{rel}","templated":true}]}}