{"id":29170,"date":"2025-11-05T21:57:57","date_gmt":"2025-11-05T21:57:57","guid":{"rendered":"https:\/\/cipele.ba\/shop\/uncategorized\/adidas-tensaur-run-3-0-3\/"},"modified":"2026-04-19T00:41:43","modified_gmt":"2026-04-19T00:41:43","slug":"adidas-tensaur-run-3-0-3","status":"publish","type":"product","link":"https:\/\/cipele.ba\/en\/shop\/djeca\/djecije-patike\/adidas-tensaur-run-3-0-3\/","title":{"rendered":"adidas Tensaur Run 3.0"},"content":{"rendered":"<p><!--googleoff: all--> <\/p>\n<p>Kad su mali\u0161ani u pokretu, ove adidas patike prate njihov tempo. Dizajnirane za udobnost tokom cijelog dana, imaju Cloudfoam srednji \u0111on koji ubla\u017eava svaki korak. Elasti\u010dne pertle i \u010di\u010dak traka omogu\u0107avaju lako obuvanje i izuvanje, tako da ni\u0161ta ne usporava igru.<br \/>Detalji:<\/p>\n<li> Cloudfoam srednji \u0111on za mekano ubla\u017eavanje koraka.<\/li>\n<li> Jednostavno obuvanje zahvaljuju\u0107i elasti\u010dnim pertlama i \u010di\u010dak traci.<\/li>\n<li> Udobnost tokom cijelog dana za aktivne mali\u0161ane. <!--googleon: all--> <\/li>","protected":false},"excerpt":{"rendered":"<p>Kad su mali\u0161ani u pokretu, ove adidas patike prate njihov tempo. Dizajnirane za udobnost tokom cijelog dana, imaju Cloudfoam srednji \u0111on koji ubla\u017eava svaki korak. Elasti\u010dne pertle i \u010di\u010dak traka omogu\u0107avaju lako obuvanje i izuvanje, tako da ni\u0161ta ne usporava igru.Detalji: Cloudfoam srednji \u0111on za mekano ubla\u017eavanje koraka. Jednostavno obuvanje zahvaljuju\u0107i elasti\u010dnim pertlama i \u010di\u010dak [&hellip;]<\/p>","protected":false},"featured_media":29167,"template":"","meta":{"jetpack_post_was_ever_published":false},"product_brand":[111],"product_cat":[59],"product_tag":[],"class_list":{"0":"post-29170","1":"product","2":"type-product","3":"status-publish","4":"has-post-thumbnail","6":"product_brand-sport_reality","7":"product_cat-djecije-patike","9":"first","10":"instock","11":"sale","12":"shipping-taxable","13":"product-type-external"},"jetpack-related-posts":[],"jetpack_sharing_enabled":true,"_links":{"self":[{"href":"https:\/\/cipele.ba\/en\/wp-json\/wp\/v2\/product\/29170","targetHints":{"allow":["GET"]}}],"collection":[{"href":"https:\/\/cipele.ba\/en\/wp-json\/wp\/v2\/product"}],"about":[{"href":"https:\/\/cipele.ba\/en\/wp-json\/wp\/v2\/types\/product"}],"wp:featuredmedia":[{"embeddable":true,"href":"https:\/\/cipele.ba\/en\/wp-json\/wp\/v2\/media\/29167"}],"wp:attachment":[{"href":"https:\/\/cipele.ba\/en\/wp-json\/wp\/v2\/media?parent=29170"}],"wp:term":[{"taxonomy":"product_brand","embeddable":true,"href":"https:\/\/cipele.ba\/en\/wp-json\/wp\/v2\/product_brand?post=29170"},{"taxonomy":"product_cat","embeddable":true,"href":"https:\/\/cipele.ba\/en\/wp-json\/wp\/v2\/product_cat?post=29170"},{"taxonomy":"product_tag","embeddable":true,"href":"https:\/\/cipele.ba\/en\/wp-json\/wp\/v2\/product_tag?post=29170"}],"curies":[{"name":"wp","href":"https:\/\/api.w.org\/{rel}","templated":true}]}}