{"id":29174,"date":"2025-11-05T21:58:01","date_gmt":"2025-11-05T21:58:01","guid":{"rendered":"https:\/\/cipele.ba\/shop\/uncategorized\/nike-air-max-nova-4\/"},"modified":"2026-04-18T22:10:53","modified_gmt":"2026-04-18T22:10:53","slug":"nike-air-max-nova-4","status":"publish","type":"product","link":"https:\/\/cipele.ba\/en\/shop\/djeca\/djecije-patike\/nike-air-max-nova-4\/","title":{"rendered":"Nike Air Max Nova"},"content":{"rendered":"<p><!--googleoff: all--> <\/p>\n<p> Klasik u novom ruhu, Air Max Nova patike su nova generacija Air Maxa. Njihov udobni dizajn, koji pru\u017ea dosta odskoka i fleksibilnosti, savr\u0161en je za jurnjavu za zabavom \u2013 bez obzira na smjer, jedno je sigurno \u2013 djevoj\u010dice \u0107e u\u017eivati. <\/p>\n<\/p>\n<p> <b> Detalji: <\/b> <\/p>\n<li> Elasti\u010dne pertle i podesivi kai\u0161 olak\u0161avaju obuvanje i pru\u017eaju savr\u0161eno prianjanje <\/li>\n<li> Spoljni \u0111on od pune gume pru\u017ea trakciju u vi\u0161e smjerova na razli\u010ditim povr\u0161inama <!--googleon: all--> <\/li>","protected":false},"excerpt":{"rendered":"<p>Klasik u novom ruhu, Air Max Nova patike su nova generacija Air Maxa. Njihov udobni dizajn, koji pru\u017ea dosta odskoka i fleksibilnosti, savr\u0161en je za jurnjavu za zabavom \u2013 bez obzira na smjer, jedno je sigurno \u2013 djevoj\u010dice \u0107e u\u017eivati. Detalji: Elasti\u010dne pertle i podesivi kai\u0161 olak\u0161avaju obuvanje i pru\u017eaju savr\u0161eno prianjanje Spoljni \u0111on od [&hellip;]<\/p>","protected":false},"featured_media":29171,"template":"","meta":{"jetpack_post_was_ever_published":false},"product_brand":[111],"product_cat":[59],"product_tag":[],"class_list":{"0":"post-29174","1":"product","2":"type-product","3":"status-publish","4":"has-post-thumbnail","6":"product_brand-sport_reality","7":"product_cat-djecije-patike","9":"first","10":"instock","11":"sale","12":"shipping-taxable","13":"product-type-external"},"jetpack-related-posts":[],"jetpack_sharing_enabled":true,"_links":{"self":[{"href":"https:\/\/cipele.ba\/en\/wp-json\/wp\/v2\/product\/29174","targetHints":{"allow":["GET"]}}],"collection":[{"href":"https:\/\/cipele.ba\/en\/wp-json\/wp\/v2\/product"}],"about":[{"href":"https:\/\/cipele.ba\/en\/wp-json\/wp\/v2\/types\/product"}],"wp:featuredmedia":[{"embeddable":true,"href":"https:\/\/cipele.ba\/en\/wp-json\/wp\/v2\/media\/29171"}],"wp:attachment":[{"href":"https:\/\/cipele.ba\/en\/wp-json\/wp\/v2\/media?parent=29174"}],"wp:term":[{"taxonomy":"product_brand","embeddable":true,"href":"https:\/\/cipele.ba\/en\/wp-json\/wp\/v2\/product_brand?post=29174"},{"taxonomy":"product_cat","embeddable":true,"href":"https:\/\/cipele.ba\/en\/wp-json\/wp\/v2\/product_cat?post=29174"},{"taxonomy":"product_tag","embeddable":true,"href":"https:\/\/cipele.ba\/en\/wp-json\/wp\/v2\/product_tag?post=29174"}],"curies":[{"name":"wp","href":"https:\/\/api.w.org\/{rel}","templated":true}]}}