{"id":29176,"date":"2025-11-05T21:58:01","date_gmt":"2025-11-05T21:58:01","guid":{"rendered":"https:\/\/cipele.ba\/shop\/uncategorized\/nike-air-max-intrlk-lite\/"},"modified":"2026-04-20T06:14:11","modified_gmt":"2026-04-20T06:14:11","slug":"nike-air-max-intrlk-lite","status":"publish","type":"product","link":"https:\/\/cipele.ba\/en\/shop\/djeca\/djecije-patike\/nike-air-max-intrlk-lite\/","title":{"rendered":"Nike Air Max INTRLK Lite"},"content":{"rendered":"<p><!--googleoff: all--> <\/p>\n<p> Nike Air Max INTRLK Lite patike za bebe dje\u010dake donose novi oblik na\u0161e omiljene Air amortizacije za gladak, udoban osje\u0107aj tokom cjelodnevnog igranja.<\/p>\n<\/p>\n<p> <b> Detalji <\/b> <\/p>\n<li> Redizajnirana Max Air jedinica i meki pjenasti ulo\u017eak pru\u017eaju laganu amortizaciju <\/li>\n<li> Preklopi od tekstila i sinteti\u010dke ko\u017ee pru\u017eaju lagan i izdr\u017eljiv osje\u0107aj uz potporu tamo gdje je mali\u0161anima najpotrebnija. <\/li>\n<li> \u0160tepane linije isti\u010du tehni\u010dki i futuristi\u010dki dizajn <\/li>\n<li> Elasti\u010dne pertle olak\u0161avaju obuvanje i izuvanje ovih patika <!--googleon: all--> <\/li>","protected":false},"excerpt":{"rendered":"<p>Nike Air Max INTRLK Lite patike za bebe dje\u010dake donose novi oblik na\u0161e omiljene Air amortizacije za gladak, udoban osje\u0107aj tokom cjelodnevnog igranja. Detalji Redizajnirana Max Air jedinica i meki pjenasti ulo\u017eak pru\u017eaju laganu amortizaciju Preklopi od tekstila i sinteti\u010dke ko\u017ee pru\u017eaju lagan i izdr\u017eljiv osje\u0107aj uz potporu tamo gdje je mali\u0161anima najpotrebnija. \u0160tepane linije [&hellip;]<\/p>","protected":false},"featured_media":29172,"template":"","meta":{"jetpack_post_was_ever_published":false},"product_brand":[111],"product_cat":[59],"product_tag":[],"class_list":{"0":"post-29176","1":"product","2":"type-product","3":"status-publish","4":"has-post-thumbnail","6":"product_brand-sport_reality","7":"product_cat-djecije-patike","9":"first","10":"instock","11":"shipping-taxable","12":"product-type-external"},"jetpack-related-posts":[],"jetpack_sharing_enabled":true,"_links":{"self":[{"href":"https:\/\/cipele.ba\/en\/wp-json\/wp\/v2\/product\/29176","targetHints":{"allow":["GET"]}}],"collection":[{"href":"https:\/\/cipele.ba\/en\/wp-json\/wp\/v2\/product"}],"about":[{"href":"https:\/\/cipele.ba\/en\/wp-json\/wp\/v2\/types\/product"}],"wp:featuredmedia":[{"embeddable":true,"href":"https:\/\/cipele.ba\/en\/wp-json\/wp\/v2\/media\/29172"}],"wp:attachment":[{"href":"https:\/\/cipele.ba\/en\/wp-json\/wp\/v2\/media?parent=29176"}],"wp:term":[{"taxonomy":"product_brand","embeddable":true,"href":"https:\/\/cipele.ba\/en\/wp-json\/wp\/v2\/product_brand?post=29176"},{"taxonomy":"product_cat","embeddable":true,"href":"https:\/\/cipele.ba\/en\/wp-json\/wp\/v2\/product_cat?post=29176"},{"taxonomy":"product_tag","embeddable":true,"href":"https:\/\/cipele.ba\/en\/wp-json\/wp\/v2\/product_tag?post=29176"}],"curies":[{"name":"wp","href":"https:\/\/api.w.org\/{rel}","templated":true}]}}