{"id":29180,"date":"2025-11-05T21:58:06","date_gmt":"2025-11-05T21:58:06","guid":{"rendered":"https:\/\/cipele.ba\/shop\/uncategorized\/nike-court-borough-low-recraft-8\/"},"modified":"2026-04-20T04:38:05","modified_gmt":"2026-04-20T04:38:05","slug":"nike-court-borough-low-recraft-8","status":"publish","type":"product","link":"https:\/\/cipele.ba\/en\/shop\/djeca\/djecije-patike\/nike-court-borough-low-recraft-8\/","title":{"rendered":"Nike Court Borough Low Recraft"},"content":{"rendered":"<p><!--googleoff: all--> <\/p>\n<p>Nike Court Borough Low Recraft su dje\u010dije lifestyle patike za tinejd\u017eere. <\/p>\n<p> Ova redizajnirana legenda koristi kombinacija recikliranih materijala na gornjem dijelu i potplatu za postizanje klasi\u010dnog izgleda napravljenog na potpuno nov na\u010din. Pru\u017eaju laganu udobnost koja se lako nosi. Redizajniran dio za prste i srednji dio stopala daje va\u0161im stopalima malo vi\u0161e prostora. Gornji dio od sinteti\u010dke ko\u017ee pru\u017ea izdr\u017eljivost i dugotrajnost. Dezen gazec\u0301eg sloja i \u017elebovi pru\u017eaju ciljanu fleksibilnost za va\u0161a stopala koja rastu. <\/p>\n<p> Specifikacija: <\/p>\n<li> Dje\u010dije lifestyle patike za tinejd\u017eere<\/li>\n<li> Mekani jastu\u010di\u0107i ispod stopala <\/li>\n<li> Gornji\u0161te od sinteti\u010dke ko\u017ee <\/li>\n<li> Redizajnirana dio za prste i srednji dio stopala<\/li>\n<li> Gumeni \u0111on <!--googleon: all--> <\/li>","protected":false},"excerpt":{"rendered":"<p>Nike Court Borough Low Recraft su dje\u010dije lifestyle patike za tinejd\u017eere. Ova redizajnirana legenda koristi kombinacija recikliranih materijala na gornjem dijelu i potplatu za postizanje klasi\u010dnog izgleda napravljenog na potpuno nov na\u010din. Pru\u017eaju laganu udobnost koja se lako nosi. Redizajniran dio za prste i srednji dio stopala daje va\u0161im stopalima malo vi\u0161e prostora. Gornji dio [&hellip;]<\/p>","protected":false},"featured_media":29177,"template":"","meta":{"jetpack_post_was_ever_published":false},"product_brand":[111],"product_cat":[59],"product_tag":[],"class_list":{"0":"post-29180","1":"product","2":"type-product","3":"status-publish","4":"has-post-thumbnail","6":"product_brand-sport_reality","7":"product_cat-djecije-patike","9":"first","10":"instock","11":"shipping-taxable","12":"product-type-external"},"jetpack-related-posts":[],"jetpack_sharing_enabled":true,"_links":{"self":[{"href":"https:\/\/cipele.ba\/en\/wp-json\/wp\/v2\/product\/29180","targetHints":{"allow":["GET"]}}],"collection":[{"href":"https:\/\/cipele.ba\/en\/wp-json\/wp\/v2\/product"}],"about":[{"href":"https:\/\/cipele.ba\/en\/wp-json\/wp\/v2\/types\/product"}],"wp:featuredmedia":[{"embeddable":true,"href":"https:\/\/cipele.ba\/en\/wp-json\/wp\/v2\/media\/29177"}],"wp:attachment":[{"href":"https:\/\/cipele.ba\/en\/wp-json\/wp\/v2\/media?parent=29180"}],"wp:term":[{"taxonomy":"product_brand","embeddable":true,"href":"https:\/\/cipele.ba\/en\/wp-json\/wp\/v2\/product_brand?post=29180"},{"taxonomy":"product_cat","embeddable":true,"href":"https:\/\/cipele.ba\/en\/wp-json\/wp\/v2\/product_cat?post=29180"},{"taxonomy":"product_tag","embeddable":true,"href":"https:\/\/cipele.ba\/en\/wp-json\/wp\/v2\/product_tag?post=29180"}],"curies":[{"name":"wp","href":"https:\/\/api.w.org\/{rel}","templated":true}]}}