{"id":29210,"date":"2025-11-05T21:58:27","date_gmt":"2025-11-05T21:58:27","guid":{"rendered":"https:\/\/cipele.ba\/shop\/uncategorized\/converse-chuck-taylor-all-star-move-platforn\/"},"modified":"2026-04-21T16:53:54","modified_gmt":"2026-04-21T16:53:54","slug":"converse-chuck-taylor-all-star-move-platforn","status":"publish","type":"product","link":"https:\/\/cipele.ba\/en\/shop\/djeca\/djecije-patike\/converse-chuck-taylor-all-star-move-platforn\/","title":{"rendered":"Converse Chuck Taylor All Star Move Platforn"},"content":{"rendered":"<p><!--googleoff: all--> <\/p>\n<p> Converse Chuck Taylor All Star Move Platform \u017eenske patike s platformnim \u0111onom za ve\u0107u visinu i eleganciju. <\/p>\n<\/p>\n<p> <b> Detalji <\/b> <\/p>\n<li> Lagano platneno gornji\u0161te <\/li>\n<li> Aerodinami\u010dan profil <\/li>\n<li> Svje\u017ea, savremena verzija klasi\u010dnog Chuck Taylor dizajna <\/li>\n<li> Idealne za opu\u0161teno, svakodnevno no\u0161enje <!--googleon: all--> <\/li>","protected":false},"excerpt":{"rendered":"<p>Converse Chuck Taylor All Star Move Platform \u017eenske patike s platformnim \u0111onom za ve\u0107u visinu i eleganciju. Detalji Lagano platneno gornji\u0161te Aerodinami\u010dan profil Svje\u017ea, savremena verzija klasi\u010dnog Chuck Taylor dizajna Idealne za opu\u0161teno, svakodnevno no\u0161enje<\/p>","protected":false},"featured_media":29207,"template":"","meta":{"jetpack_post_was_ever_published":false},"product_brand":[111],"product_cat":[59],"product_tag":[],"class_list":{"0":"post-29210","1":"product","2":"type-product","3":"status-publish","4":"has-post-thumbnail","6":"product_brand-sport_reality","7":"product_cat-djecije-patike","9":"first","10":"instock","11":"sale","12":"shipping-taxable","13":"product-type-external"},"jetpack-related-posts":[],"jetpack_sharing_enabled":true,"_links":{"self":[{"href":"https:\/\/cipele.ba\/en\/wp-json\/wp\/v2\/product\/29210","targetHints":{"allow":["GET"]}}],"collection":[{"href":"https:\/\/cipele.ba\/en\/wp-json\/wp\/v2\/product"}],"about":[{"href":"https:\/\/cipele.ba\/en\/wp-json\/wp\/v2\/types\/product"}],"wp:featuredmedia":[{"embeddable":true,"href":"https:\/\/cipele.ba\/en\/wp-json\/wp\/v2\/media\/29207"}],"wp:attachment":[{"href":"https:\/\/cipele.ba\/en\/wp-json\/wp\/v2\/media?parent=29210"}],"wp:term":[{"taxonomy":"product_brand","embeddable":true,"href":"https:\/\/cipele.ba\/en\/wp-json\/wp\/v2\/product_brand?post=29210"},{"taxonomy":"product_cat","embeddable":true,"href":"https:\/\/cipele.ba\/en\/wp-json\/wp\/v2\/product_cat?post=29210"},{"taxonomy":"product_tag","embeddable":true,"href":"https:\/\/cipele.ba\/en\/wp-json\/wp\/v2\/product_tag?post=29210"}],"curies":[{"name":"wp","href":"https:\/\/api.w.org\/{rel}","templated":true}]}}