{"id":29224,"date":"2025-11-05T21:58:39","date_gmt":"2025-11-05T21:58:39","guid":{"rendered":"https:\/\/cipele.ba\/shop\/uncategorized\/adidas-grand-court-2-0-7\/"},"modified":"2026-04-16T02:42:33","modified_gmt":"2026-04-16T02:42:33","slug":"adidas-grand-court-2-0-7","status":"publish","type":"product","link":"https:\/\/cipele.ba\/en\/shop\/djeca\/djecije-patike\/adidas-grand-court-2-0-7\/","title":{"rendered":"adidas Grand Court 2.0"},"content":{"rendered":"<p><!--googleoff: all--> <\/p>\n<p>Kad su spremni za igru, obujte im ove adidas patike i avantura mo\u017ee da po\u010dne. Lagana konstrukcija i mekani srednji \u0111on \u010duvaju udobnost malih stopala, dok \u017eivopisni detalji dodaju zabavan izgled. Podesive trake olak\u0161avaju obuvanje i izuvanje, tako da ni\u0161ta ne stoji na putu igri.<br \/>Detalji:<\/p>\n<li> Udobnost \u2013 lagani materijali i mekani \u0111on za prijatan osje\u0107aj.<\/li>\n<li> Prakti\u010dnost \u2013 \u010di\u010dak trake za brzo i lako obuvanje.<\/li>\n<li> Zabavan dizajn \u2013 \u0161areni detalji koji unose veselu energiju. <!--googleon: all--> <\/li>","protected":false},"excerpt":{"rendered":"<p>Kad su spremni za igru, obujte im ove adidas patike i avantura mo\u017ee da po\u010dne. Lagana konstrukcija i mekani srednji \u0111on \u010duvaju udobnost malih stopala, dok \u017eivopisni detalji dodaju zabavan izgled. Podesive trake olak\u0161avaju obuvanje i izuvanje, tako da ni\u0161ta ne stoji na putu igri.Detalji: Udobnost \u2013 lagani materijali i mekani \u0111on za prijatan osje\u0107aj. [&hellip;]<\/p>","protected":false},"featured_media":29222,"template":"","meta":{"jetpack_post_was_ever_published":false},"product_brand":[111],"product_cat":[59],"product_tag":[],"class_list":{"0":"post-29224","1":"product","2":"type-product","3":"status-publish","4":"has-post-thumbnail","6":"product_brand-sport_reality","7":"product_cat-djecije-patike","9":"first","10":"instock","11":"shipping-taxable","12":"product-type-external"},"jetpack-related-posts":[],"jetpack_sharing_enabled":true,"_links":{"self":[{"href":"https:\/\/cipele.ba\/en\/wp-json\/wp\/v2\/product\/29224","targetHints":{"allow":["GET"]}}],"collection":[{"href":"https:\/\/cipele.ba\/en\/wp-json\/wp\/v2\/product"}],"about":[{"href":"https:\/\/cipele.ba\/en\/wp-json\/wp\/v2\/types\/product"}],"wp:featuredmedia":[{"embeddable":true,"href":"https:\/\/cipele.ba\/en\/wp-json\/wp\/v2\/media\/29222"}],"wp:attachment":[{"href":"https:\/\/cipele.ba\/en\/wp-json\/wp\/v2\/media?parent=29224"}],"wp:term":[{"taxonomy":"product_brand","embeddable":true,"href":"https:\/\/cipele.ba\/en\/wp-json\/wp\/v2\/product_brand?post=29224"},{"taxonomy":"product_cat","embeddable":true,"href":"https:\/\/cipele.ba\/en\/wp-json\/wp\/v2\/product_cat?post=29224"},{"taxonomy":"product_tag","embeddable":true,"href":"https:\/\/cipele.ba\/en\/wp-json\/wp\/v2\/product_tag?post=29224"}],"curies":[{"name":"wp","href":"https:\/\/api.w.org\/{rel}","templated":true}]}}