{"id":29228,"date":"2025-11-05T21:58:42","date_gmt":"2025-11-05T21:58:42","guid":{"rendered":"https:\/\/cipele.ba\/shop\/uncategorized\/nike-cosmic-runner-6\/"},"modified":"2026-04-18T21:47:28","modified_gmt":"2026-04-18T21:47:28","slug":"nike-cosmic-runner-6","status":"publish","type":"product","link":"https:\/\/cipele.ba\/en\/shop\/djeca\/djecije-patike\/nike-cosmic-runner-6\/","title":{"rendered":"Nike Cosmic Runner"},"content":{"rendered":"<p><!--googleoff: all--> <\/p>\n<p> Nike Cosmic Runner patike za tinejd\u017eere spajaju stabilnost, amortizaciju i izdr\u017eljivost. <\/p>\n<\/p>\n<p> <b> Detalji <\/b> <\/p>\n<li> Lagana mre\u017easta tkanina u gornji\u0161tu odr\u017eava stopala rashla\u0111enim <\/li>\n<li> Prsti, strane i peta su oja\u010dani za dodatnu udobnost <\/li>\n<li> Jezi\u010dci na jeziku i peti omogu\u0107avaju lako obuvanje <\/li>\n<li> Pena koja pru\u017ea odraz obezbje\u0111uje amortizaciju pri svakom koraku, za meki i stabilni osje\u0107aj <\/li>\n<li> Izdr\u017eljivi dvodijelni spoljni \u0111on pru\u017ea vam prianjanje potrebno da sa samopouzdanjem tr\u010dite po razli\u010ditim povr\u0161inama <!--googleon: all--> <\/li>","protected":false},"excerpt":{"rendered":"<p>Nike Cosmic Runner patike za tinejd\u017eere spajaju stabilnost, amortizaciju i izdr\u017eljivost. Detalji Lagana mre\u017easta tkanina u gornji\u0161tu odr\u017eava stopala rashla\u0111enim Prsti, strane i peta su oja\u010dani za dodatnu udobnost Jezi\u010dci na jeziku i peti omogu\u0107avaju lako obuvanje Pena koja pru\u017ea odraz obezbje\u0111uje amortizaciju pri svakom koraku, za meki i stabilni osje\u0107aj Izdr\u017eljivi dvodijelni spoljni \u0111on [&hellip;]<\/p>","protected":false},"featured_media":29225,"template":"","meta":{"jetpack_post_was_ever_published":false},"product_brand":[111],"product_cat":[59],"product_tag":[],"class_list":{"0":"post-29228","1":"product","2":"type-product","3":"status-publish","4":"has-post-thumbnail","6":"product_brand-sport_reality","7":"product_cat-djecije-patike","9":"first","10":"instock","11":"shipping-taxable","12":"product-type-external"},"jetpack-related-posts":[],"jetpack_sharing_enabled":true,"_links":{"self":[{"href":"https:\/\/cipele.ba\/en\/wp-json\/wp\/v2\/product\/29228","targetHints":{"allow":["GET"]}}],"collection":[{"href":"https:\/\/cipele.ba\/en\/wp-json\/wp\/v2\/product"}],"about":[{"href":"https:\/\/cipele.ba\/en\/wp-json\/wp\/v2\/types\/product"}],"wp:featuredmedia":[{"embeddable":true,"href":"https:\/\/cipele.ba\/en\/wp-json\/wp\/v2\/media\/29225"}],"wp:attachment":[{"href":"https:\/\/cipele.ba\/en\/wp-json\/wp\/v2\/media?parent=29228"}],"wp:term":[{"taxonomy":"product_brand","embeddable":true,"href":"https:\/\/cipele.ba\/en\/wp-json\/wp\/v2\/product_brand?post=29228"},{"taxonomy":"product_cat","embeddable":true,"href":"https:\/\/cipele.ba\/en\/wp-json\/wp\/v2\/product_cat?post=29228"},{"taxonomy":"product_tag","embeddable":true,"href":"https:\/\/cipele.ba\/en\/wp-json\/wp\/v2\/product_tag?post=29228"}],"curies":[{"name":"wp","href":"https:\/\/api.w.org\/{rel}","templated":true}]}}