{"id":29248,"date":"2025-11-05T21:58:56","date_gmt":"2025-11-05T21:58:56","guid":{"rendered":"https:\/\/cipele.ba\/shop\/uncategorized\/nike-flex-runner-3\/"},"modified":"2026-04-20T11:35:07","modified_gmt":"2026-04-20T11:35:07","slug":"nike-flex-runner-3","status":"publish","type":"product","link":"https:\/\/cipele.ba\/en\/shop\/djeca\/djecije-patike\/nike-flex-runner-3\/","title":{"rendered":"Nike Flex Runner 3"},"content":{"rendered":"<p><!--googleoff: all--> <\/p>\n<p> Nike Flex Runner 3 lifestyle patike za bebe djevoj\u010dice su dizajnirane sa fokusom na igrali\u0161te i spontane igre jurenja. <\/p>\n<\/p>\n<p> <b> Detalji <\/b> <\/p>\n<li> Elasti\u010dni dizajn \u010dizmice pru\u017ea \u010dvrsto i udobno prianjanje, a to \u0161to nemaju pertle zna\u010di da se veoma brzo obuvaju i izuvaju <\/li>\n<li> Preklopi od sinteti\u010dke ko\u017ee u kombinaciji sa trakom na peti i oja\u010danjem na prstima pru\u017eaju potporu i izdr\u017eljivost tamo gdje je to djeci najpotrebnije <\/li>\n<li> Pjena oko pete pru\u017ea stabilnost pri brzim promjenama smjera <\/li>\n<li> Da bi pjenasti spoljni \u0111on ostao fleksibilan, dodali smo fleksibilne \u017eljebove cijelom povr\u0161inom, a rezultat je taj da svaki korak ima prirodan osje\u0107aj <\/li>\n<li> Razli\u010dite \u0161are na spoljnom \u0111onu osiguravaju izdr\u017eljivu trakciju na razli\u010ditim povr\u0161inama <!--googleon: all--> <\/li>","protected":false},"excerpt":{"rendered":"<p>Nike Flex Runner 3 lifestyle patike za bebe djevoj\u010dice su dizajnirane sa fokusom na igrali\u0161te i spontane igre jurenja. Detalji Elasti\u010dni dizajn \u010dizmice pru\u017ea \u010dvrsto i udobno prianjanje, a to \u0161to nemaju pertle zna\u010di da se veoma brzo obuvaju i izuvaju Preklopi od sinteti\u010dke ko\u017ee u kombinaciji sa trakom na peti i oja\u010danjem na prstima [&hellip;]<\/p>","protected":false},"featured_media":29247,"template":"","meta":{"jetpack_post_was_ever_published":false},"product_brand":[111],"product_cat":[59],"product_tag":[],"class_list":{"0":"post-29248","1":"product","2":"type-product","3":"status-publish","4":"has-post-thumbnail","6":"product_brand-sport_reality","7":"product_cat-djecije-patike","9":"first","10":"instock","11":"shipping-taxable","12":"product-type-external"},"jetpack-related-posts":[],"jetpack_sharing_enabled":true,"_links":{"self":[{"href":"https:\/\/cipele.ba\/en\/wp-json\/wp\/v2\/product\/29248","targetHints":{"allow":["GET"]}}],"collection":[{"href":"https:\/\/cipele.ba\/en\/wp-json\/wp\/v2\/product"}],"about":[{"href":"https:\/\/cipele.ba\/en\/wp-json\/wp\/v2\/types\/product"}],"wp:featuredmedia":[{"embeddable":true,"href":"https:\/\/cipele.ba\/en\/wp-json\/wp\/v2\/media\/29247"}],"wp:attachment":[{"href":"https:\/\/cipele.ba\/en\/wp-json\/wp\/v2\/media?parent=29248"}],"wp:term":[{"taxonomy":"product_brand","embeddable":true,"href":"https:\/\/cipele.ba\/en\/wp-json\/wp\/v2\/product_brand?post=29248"},{"taxonomy":"product_cat","embeddable":true,"href":"https:\/\/cipele.ba\/en\/wp-json\/wp\/v2\/product_cat?post=29248"},{"taxonomy":"product_tag","embeddable":true,"href":"https:\/\/cipele.ba\/en\/wp-json\/wp\/v2\/product_tag?post=29248"}],"curies":[{"name":"wp","href":"https:\/\/api.w.org\/{rel}","templated":true}]}}