{"id":29259,"date":"2025-11-05T21:59:04","date_gmt":"2025-11-05T21:59:04","guid":{"rendered":"https:\/\/cipele.ba\/shop\/uncategorized\/skechers-heart-lights-3\/"},"modified":"2026-04-19T11:31:34","modified_gmt":"2026-04-19T11:31:34","slug":"skechers-heart-lights-3","status":"publish","type":"product","link":"https:\/\/cipele.ba\/en\/shop\/djeca\/djecije-patike\/skechers-heart-lights-3\/","title":{"rendered":"Skechers Heart Lights"},"content":{"rendered":"<p><!--googleoff: all--> <\/p>\n<p> Skechers Heart Lights patike za djevoj\u010dice kombinuju razigrani dezen s udobno\u0161\u0107u, i imaju \u017eivopisno gornji\u0161te ukra\u0161eno temom srca i LED svjetla koja obasjavaju svaki korak. <\/p>\n<\/p>\n<p> <b> Detalji: <\/b> <\/p>\n<li> \u0160areni dezen s temom srca za zabavan i elegantan izgled <\/li>\n<li> LED svetla koja obasjavaju svaki korak <\/li>\n<li> Prozra\u010dno gornji\u0161te, s ve\u0107im protokom vazduha <\/li>\n<li> Amortizuju\u0107i srednji \u0111on za cjelodnevnu udobnost <\/li>\n<li> Elasti\u010dne pertle sa \u010di\u010dak-trakom za \u010dvrsto prianjanje <\/li>\n<li> Izdr\u017eljivi spoljni \u0111on pru\u017ea pouzdanu trakciju i stabilnost <!--googleon: all--> <\/li>","protected":false},"excerpt":{"rendered":"<p>Skechers Heart Lights patike za djevoj\u010dice kombinuju razigrani dezen s udobno\u0161\u0107u, i imaju \u017eivopisno gornji\u0161te ukra\u0161eno temom srca i LED svjetla koja obasjavaju svaki korak. Detalji: \u0160areni dezen s temom srca za zabavan i elegantan izgled LED svetla koja obasjavaju svaki korak Prozra\u010dno gornji\u0161te, s ve\u0107im protokom vazduha Amortizuju\u0107i srednji \u0111on za cjelodnevnu udobnost Elasti\u010dne [&hellip;]<\/p>","protected":false},"featured_media":29257,"template":"","meta":{"jetpack_post_was_ever_published":false},"product_brand":[111],"product_cat":[59],"product_tag":[],"class_list":{"0":"post-29259","1":"product","2":"type-product","3":"status-publish","4":"has-post-thumbnail","6":"product_brand-sport_reality","7":"product_cat-djecije-patike","9":"first","10":"instock","11":"sale","12":"shipping-taxable","13":"product-type-external"},"jetpack-related-posts":[],"jetpack_sharing_enabled":true,"_links":{"self":[{"href":"https:\/\/cipele.ba\/en\/wp-json\/wp\/v2\/product\/29259","targetHints":{"allow":["GET"]}}],"collection":[{"href":"https:\/\/cipele.ba\/en\/wp-json\/wp\/v2\/product"}],"about":[{"href":"https:\/\/cipele.ba\/en\/wp-json\/wp\/v2\/types\/product"}],"wp:featuredmedia":[{"embeddable":true,"href":"https:\/\/cipele.ba\/en\/wp-json\/wp\/v2\/media\/29257"}],"wp:attachment":[{"href":"https:\/\/cipele.ba\/en\/wp-json\/wp\/v2\/media?parent=29259"}],"wp:term":[{"taxonomy":"product_brand","embeddable":true,"href":"https:\/\/cipele.ba\/en\/wp-json\/wp\/v2\/product_brand?post=29259"},{"taxonomy":"product_cat","embeddable":true,"href":"https:\/\/cipele.ba\/en\/wp-json\/wp\/v2\/product_cat?post=29259"},{"taxonomy":"product_tag","embeddable":true,"href":"https:\/\/cipele.ba\/en\/wp-json\/wp\/v2\/product_tag?post=29259"}],"curies":[{"name":"wp","href":"https:\/\/api.w.org\/{rel}","templated":true}]}}