{"id":29260,"date":"2025-11-05T21:59:04","date_gmt":"2025-11-05T21:59:04","guid":{"rendered":"https:\/\/cipele.ba\/shop\/uncategorized\/nike-cosmic-runner-9\/"},"modified":"2026-04-19T06:32:33","modified_gmt":"2026-04-19T06:32:33","slug":"nike-cosmic-runner-9","status":"publish","type":"product","link":"https:\/\/cipele.ba\/en\/shop\/djeca\/djecije-patike\/nike-cosmic-runner-9\/","title":{"rendered":"Nike Cosmic Runner"},"content":{"rendered":"<p><!--googleoff: all--> <\/p>\n<p> Nike Cosmic Runner patike za djecu spajaju stabilnost, amortizaciju i izdr\u017eljivost i savr\u0161ene su za aktivne mali\u0161ane u pokretu. <\/p>\n<\/p>\n<p> <b> Detalji <\/b> <\/p>\n<li> Elasti\u010dne pertle i \u010di\u010dak-traka omogu\u0107avaju im da se brzo spreme <\/li>\n<li> Lagana mre\u017easta tkanina u gornji\u0161tu odr\u017eava mala stopala rashla\u0111enim <\/li>\n<li> Prsti, strane i peta su oja\u010dani za dodatnu udobnost <\/li>\n<li> Jezi\u010dci na jeziku i peti omogu\u0107avaju lako obuvanje <\/li>\n<li> Izdr\u017eljivi spoljni \u0111on djeci pru\u017ea prianjanje koje im je potrebno da sa samopouzdanjem tr\u010de po razli\u010ditim povr\u0161inama <!--googleon: all--> <\/li>","protected":false},"excerpt":{"rendered":"<p>Nike Cosmic Runner patike za djecu spajaju stabilnost, amortizaciju i izdr\u017eljivost i savr\u0161ene su za aktivne mali\u0161ane u pokretu. Detalji Elasti\u010dne pertle i \u010di\u010dak-traka omogu\u0107avaju im da se brzo spreme Lagana mre\u017easta tkanina u gornji\u0161tu odr\u017eava mala stopala rashla\u0111enim Prsti, strane i peta su oja\u010dani za dodatnu udobnost Jezi\u010dci na jeziku i peti omogu\u0107avaju lako [&hellip;]<\/p>","protected":false},"featured_media":29258,"template":"","meta":{"jetpack_post_was_ever_published":false},"product_brand":[111],"product_cat":[59],"product_tag":[],"class_list":{"0":"post-29260","1":"product","2":"type-product","3":"status-publish","4":"has-post-thumbnail","6":"product_brand-sport_reality","7":"product_cat-djecije-patike","9":"first","10":"instock","11":"shipping-taxable","12":"product-type-external"},"jetpack-related-posts":[],"jetpack_sharing_enabled":true,"_links":{"self":[{"href":"https:\/\/cipele.ba\/en\/wp-json\/wp\/v2\/product\/29260","targetHints":{"allow":["GET"]}}],"collection":[{"href":"https:\/\/cipele.ba\/en\/wp-json\/wp\/v2\/product"}],"about":[{"href":"https:\/\/cipele.ba\/en\/wp-json\/wp\/v2\/types\/product"}],"wp:featuredmedia":[{"embeddable":true,"href":"https:\/\/cipele.ba\/en\/wp-json\/wp\/v2\/media\/29258"}],"wp:attachment":[{"href":"https:\/\/cipele.ba\/en\/wp-json\/wp\/v2\/media?parent=29260"}],"wp:term":[{"taxonomy":"product_brand","embeddable":true,"href":"https:\/\/cipele.ba\/en\/wp-json\/wp\/v2\/product_brand?post=29260"},{"taxonomy":"product_cat","embeddable":true,"href":"https:\/\/cipele.ba\/en\/wp-json\/wp\/v2\/product_cat?post=29260"},{"taxonomy":"product_tag","embeddable":true,"href":"https:\/\/cipele.ba\/en\/wp-json\/wp\/v2\/product_tag?post=29260"}],"curies":[{"name":"wp","href":"https:\/\/api.w.org\/{rel}","templated":true}]}}