{"id":29265,"date":"2025-11-05T21:59:07","date_gmt":"2025-11-05T21:59:07","guid":{"rendered":"https:\/\/cipele.ba\/shop\/uncategorized\/adidas-grand-court-2-0-8\/"},"modified":"2026-04-19T03:17:34","modified_gmt":"2026-04-19T03:17:34","slug":"adidas-grand-court-2-0-8","status":"publish","type":"product","link":"https:\/\/cipele.ba\/en\/shop\/djeca\/djecije-patike\/adidas-grand-court-2-0-8\/","title":{"rendered":"adidas Grand Court 2.0"},"content":{"rendered":"<p><!--googleoff: all--> <\/p>\n<p> Nikada nije prerano da po\u010dnete da pravite kolekciju patika za va\u0161u djecu. Po\u010dnite od dobre osnove uz ove dje\u010dije adidas Grand Court 2.0 patike. <\/p>\n<\/p>\n<p> <b> DETALJI <\/b> <\/p>\n<li> Regular fit <\/li>\n<li> Elasti\u010dne pertle i \u010di\u010dak-traka se iste\u017eu kada ih djeca obuvaju, a \u010di\u010dak-traku djeca sama mogu da pritisnu, tako da ove patike ne\u0107e dugo ostati u kutiji <\/li>\n<li> Gornji\u0161te od sinteti\u010dke ko\u017ee <\/li>\n<li> Sinteti\u010dka postava <\/li>\n<li> Gumeni jednodijelni \u0111on pru\u017ea potporu za svaki korak i za svaki skok\n<\/p>\n<p> <b> ECO STORY <\/b> <\/li>\n<li> Napravljeno s razli\u010ditim recikliranim materijalima, ovo gornji\u0161te sadr\u017ei najmanje 50% recikliranih materijala <!--googleon: all--> <\/li>","protected":false},"excerpt":{"rendered":"<p>Nikada nije prerano da po\u010dnete da pravite kolekciju patika za va\u0161u djecu. Po\u010dnite od dobre osnove uz ove dje\u010dije adidas Grand Court 2.0 patike. DETALJI Regular fit Elasti\u010dne pertle i \u010di\u010dak-traka se iste\u017eu kada ih djeca obuvaju, a \u010di\u010dak-traku djeca sama mogu da pritisnu, tako da ove patike ne\u0107e dugo ostati u kutiji Gornji\u0161te od [&hellip;]<\/p>","protected":false},"featured_media":29262,"template":"","meta":{"jetpack_post_was_ever_published":false},"product_brand":[111],"product_cat":[59],"product_tag":[],"class_list":{"0":"post-29265","1":"product","2":"type-product","3":"status-publish","4":"has-post-thumbnail","6":"product_brand-sport_reality","7":"product_cat-djecije-patike","9":"first","10":"instock","11":"shipping-taxable","12":"product-type-external"},"jetpack-related-posts":[],"jetpack_sharing_enabled":true,"_links":{"self":[{"href":"https:\/\/cipele.ba\/en\/wp-json\/wp\/v2\/product\/29265","targetHints":{"allow":["GET"]}}],"collection":[{"href":"https:\/\/cipele.ba\/en\/wp-json\/wp\/v2\/product"}],"about":[{"href":"https:\/\/cipele.ba\/en\/wp-json\/wp\/v2\/types\/product"}],"wp:featuredmedia":[{"embeddable":true,"href":"https:\/\/cipele.ba\/en\/wp-json\/wp\/v2\/media\/29262"}],"wp:attachment":[{"href":"https:\/\/cipele.ba\/en\/wp-json\/wp\/v2\/media?parent=29265"}],"wp:term":[{"taxonomy":"product_brand","embeddable":true,"href":"https:\/\/cipele.ba\/en\/wp-json\/wp\/v2\/product_brand?post=29265"},{"taxonomy":"product_cat","embeddable":true,"href":"https:\/\/cipele.ba\/en\/wp-json\/wp\/v2\/product_cat?post=29265"},{"taxonomy":"product_tag","embeddable":true,"href":"https:\/\/cipele.ba\/en\/wp-json\/wp\/v2\/product_tag?post=29265"}],"curies":[{"name":"wp","href":"https:\/\/api.w.org\/{rel}","templated":true}]}}