{"id":29269,"date":"2025-11-05T21:59:11","date_gmt":"2025-11-05T21:59:11","guid":{"rendered":"https:\/\/cipele.ba\/shop\/uncategorized\/puma-karmen-ii\/"},"modified":"2026-04-19T16:55:26","modified_gmt":"2026-04-19T16:55:26","slug":"puma-karmen-ii","status":"publish","type":"product","link":"https:\/\/cipele.ba\/en\/shop\/djeca\/djecije-patike\/puma-karmen-ii\/","title":{"rendered":"Puma Karmen II"},"content":{"rendered":"<p><!--googleoff: all--> <\/p>\n<p> Podignite svoj stil na nove visine u patikama za tinejd\u017eere Puma Karmen II. <\/p>\n<\/p>\n<p> <b> Detalji <\/b> <\/p>\n<li> Softfoam+ ulo\u017eak je dizajniran da osigura meko amortizovanje zahvaljuju\u0107i izuzetno debeloj peti <\/li>\n<li> Regularno pristaje <\/li>\n<li> Sinteti\u010dki gornji dio <\/li>\n<li> Pertle <\/li>\n<li> Gumeni potplat <\/li>\n<li> Sinteti\u010dki Puma animal print kai\u0161 <\/li>\n<li> Etiketa sa tkanjem <\/li>\n<li> Puma brend na peti, jezi\u010dku i me\u0111u\u0111onu <!--googleon: all--> <\/li>","protected":false},"excerpt":{"rendered":"<p>Podignite svoj stil na nove visine u patikama za tinejd\u017eere Puma Karmen II. Detalji Softfoam+ ulo\u017eak je dizajniran da osigura meko amortizovanje zahvaljuju\u0107i izuzetno debeloj peti Regularno pristaje Sinteti\u010dki gornji dio Pertle Gumeni potplat Sinteti\u010dki Puma animal print kai\u0161 Etiketa sa tkanjem Puma brend na peti, jezi\u010dku i me\u0111u\u0111onu<\/p>","protected":false},"featured_media":29267,"template":"","meta":{"jetpack_post_was_ever_published":false},"product_brand":[111],"product_cat":[59],"product_tag":[],"class_list":{"0":"post-29269","1":"product","2":"type-product","3":"status-publish","4":"has-post-thumbnail","6":"product_brand-sport_reality","7":"product_cat-djecije-patike","9":"first","10":"instock","11":"shipping-taxable","12":"product-type-external"},"jetpack-related-posts":[],"jetpack_sharing_enabled":true,"_links":{"self":[{"href":"https:\/\/cipele.ba\/en\/wp-json\/wp\/v2\/product\/29269","targetHints":{"allow":["GET"]}}],"collection":[{"href":"https:\/\/cipele.ba\/en\/wp-json\/wp\/v2\/product"}],"about":[{"href":"https:\/\/cipele.ba\/en\/wp-json\/wp\/v2\/types\/product"}],"wp:featuredmedia":[{"embeddable":true,"href":"https:\/\/cipele.ba\/en\/wp-json\/wp\/v2\/media\/29267"}],"wp:attachment":[{"href":"https:\/\/cipele.ba\/en\/wp-json\/wp\/v2\/media?parent=29269"}],"wp:term":[{"taxonomy":"product_brand","embeddable":true,"href":"https:\/\/cipele.ba\/en\/wp-json\/wp\/v2\/product_brand?post=29269"},{"taxonomy":"product_cat","embeddable":true,"href":"https:\/\/cipele.ba\/en\/wp-json\/wp\/v2\/product_cat?post=29269"},{"taxonomy":"product_tag","embeddable":true,"href":"https:\/\/cipele.ba\/en\/wp-json\/wp\/v2\/product_tag?post=29269"}],"curies":[{"name":"wp","href":"https:\/\/api.w.org\/{rel}","templated":true}]}}