{"id":29274,"date":"2025-11-05T21:59:15","date_gmt":"2025-11-05T21:59:15","guid":{"rendered":"https:\/\/cipele.ba\/shop\/uncategorized\/adidas-vl-court-3-0-2\/"},"modified":"2026-04-19T06:31:00","modified_gmt":"2026-04-19T06:31:00","slug":"adidas-vl-court-3-0-2","status":"publish","type":"product","link":"https:\/\/cipele.ba\/en\/shop\/djeca\/djecije-patike\/adidas-vl-court-3-0-2\/","title":{"rendered":"adidas VL Court 3.0"},"content":{"rendered":"<p><!--googleoff: all--> <\/p>\n<p> adidas VL Court 3.0 su uniseks, lifestyle patike za djecu. <\/p>\n<p> Patike koje \u0107e od po\u010detka do kraja ispratiti svaku dje\u010diju avanturu. Sa gornji\u0161tem od prevrnute ko\u017ee i \u0111onom vulkanizovanog stila, ove dje\u010dije adidas patike lako se obuvaju i izuvaju, pa \u0107e tako va\u0161i mali\u0161ani za svega nekoliko sekundi biti spremni za akciju. Unutra\u0161njost modela ispunjena je mekanom postavom i obezbje\u0111uje stopalima vrhunsku udobnost. Ovaj proizvod sadr\u017ei barem 20% recikliranih materijala. Kori\u0161\u0107enjem materijala koji su ve\u0107 stvoreni, poma\u017eemo smanjenju otpada, smanjujemo na\u0161u zavisnost od ograni\u010denih resursa i smanjujemo ekolo\u0161ki uticaj proizvoda koje pravimo. <\/p>\n<p> Specifikacija: <\/p>\n<li> Uniseks patike za djecu <\/li>\n<li> Plitak profil <\/li>\n<li> Gumeni \u0111on <\/li>\n<li> Gornji\u0161te od prevrnute ko\u017ee <\/li>\n<li> adidas logotip <!--googleon: all--> <\/li>","protected":false},"excerpt":{"rendered":"<p>adidas VL Court 3.0 su uniseks, lifestyle patike za djecu. Patike koje \u0107e od po\u010detka do kraja ispratiti svaku dje\u010diju avanturu. Sa gornji\u0161tem od prevrnute ko\u017ee i \u0111onom vulkanizovanog stila, ove dje\u010dije adidas patike lako se obuvaju i izuvaju, pa \u0107e tako va\u0161i mali\u0161ani za svega nekoliko sekundi biti spremni za akciju. Unutra\u0161njost modela ispunjena [&hellip;]<\/p>","protected":false},"featured_media":29272,"template":"","meta":{"jetpack_post_was_ever_published":false},"product_brand":[111],"product_cat":[59],"product_tag":[],"class_list":{"0":"post-29274","1":"product","2":"type-product","3":"status-publish","4":"has-post-thumbnail","6":"product_brand-sport_reality","7":"product_cat-djecije-patike","9":"first","10":"instock","11":"shipping-taxable","12":"product-type-external"},"jetpack-related-posts":[],"jetpack_sharing_enabled":true,"_links":{"self":[{"href":"https:\/\/cipele.ba\/en\/wp-json\/wp\/v2\/product\/29274","targetHints":{"allow":["GET"]}}],"collection":[{"href":"https:\/\/cipele.ba\/en\/wp-json\/wp\/v2\/product"}],"about":[{"href":"https:\/\/cipele.ba\/en\/wp-json\/wp\/v2\/types\/product"}],"wp:featuredmedia":[{"embeddable":true,"href":"https:\/\/cipele.ba\/en\/wp-json\/wp\/v2\/media\/29272"}],"wp:attachment":[{"href":"https:\/\/cipele.ba\/en\/wp-json\/wp\/v2\/media?parent=29274"}],"wp:term":[{"taxonomy":"product_brand","embeddable":true,"href":"https:\/\/cipele.ba\/en\/wp-json\/wp\/v2\/product_brand?post=29274"},{"taxonomy":"product_cat","embeddable":true,"href":"https:\/\/cipele.ba\/en\/wp-json\/wp\/v2\/product_cat?post=29274"},{"taxonomy":"product_tag","embeddable":true,"href":"https:\/\/cipele.ba\/en\/wp-json\/wp\/v2\/product_tag?post=29274"}],"curies":[{"name":"wp","href":"https:\/\/api.w.org\/{rel}","templated":true}]}}