{"id":29275,"date":"2025-11-05T21:59:15","date_gmt":"2025-11-05T21:59:15","guid":{"rendered":"https:\/\/cipele.ba\/shop\/uncategorized\/adidas-vl-court-bold-3\/"},"modified":"2026-04-20T17:51:53","modified_gmt":"2026-04-20T17:51:53","slug":"adidas-vl-court-bold-3","status":"publish","type":"product","link":"https:\/\/cipele.ba\/en\/shop\/djeca\/djecije-patike\/adidas-vl-court-bold-3\/","title":{"rendered":"adidas VL Court Bold"},"content":{"rendered":"<p><!--googleoff: all--> <\/p>\n<p> Bilo da ste krenuli da se na\u0111ete s prijateljima ili se opu\u0161tate kod ku\u0107e, ove adidas VL Court Bold patike za tinejd\u017eere \u0107e podi\u0107i va\u0161 izgled na vi\u0161i nivo. <\/p>\n<\/p>\n<p> <b> Detalji <\/b> <\/p>\n<li> Uobi\u010dajeni kroj <\/li>\n<li> Pertlanje <\/li>\n<li> Gornji\u0161te od sintetike i ko\u017ee <\/li>\n<li> Tekstilna postava <\/li>\n<li> Gumeni spoljni \u0111on s platformom\n<\/p>\n<p> <b> Eco Story <\/b> <\/li>\n<li> Ovaj proizvod je napravljen od 20% recikliranih materijala <!--googleon: all--> <\/li>","protected":false},"excerpt":{"rendered":"<p>Bilo da ste krenuli da se na\u0111ete s prijateljima ili se opu\u0161tate kod ku\u0107e, ove adidas VL Court Bold patike za tinejd\u017eere \u0107e podi\u0107i va\u0161 izgled na vi\u0161i nivo. Detalji Uobi\u010dajeni kroj Pertlanje Gornji\u0161te od sintetike i ko\u017ee Tekstilna postava Gumeni spoljni \u0111on s platformom Eco Story Ovaj proizvod je napravljen od 20% recikliranih materijala<\/p>","protected":false},"featured_media":29273,"template":"","meta":{"jetpack_post_was_ever_published":false},"product_brand":[111],"product_cat":[59],"product_tag":[],"class_list":{"0":"post-29275","1":"product","2":"type-product","3":"status-publish","4":"has-post-thumbnail","6":"product_brand-sport_reality","7":"product_cat-djecije-patike","9":"first","10":"instock","11":"sale","12":"shipping-taxable","13":"product-type-external"},"jetpack-related-posts":[],"jetpack_sharing_enabled":true,"_links":{"self":[{"href":"https:\/\/cipele.ba\/en\/wp-json\/wp\/v2\/product\/29275","targetHints":{"allow":["GET"]}}],"collection":[{"href":"https:\/\/cipele.ba\/en\/wp-json\/wp\/v2\/product"}],"about":[{"href":"https:\/\/cipele.ba\/en\/wp-json\/wp\/v2\/types\/product"}],"wp:featuredmedia":[{"embeddable":true,"href":"https:\/\/cipele.ba\/en\/wp-json\/wp\/v2\/media\/29273"}],"wp:attachment":[{"href":"https:\/\/cipele.ba\/en\/wp-json\/wp\/v2\/media?parent=29275"}],"wp:term":[{"taxonomy":"product_brand","embeddable":true,"href":"https:\/\/cipele.ba\/en\/wp-json\/wp\/v2\/product_brand?post=29275"},{"taxonomy":"product_cat","embeddable":true,"href":"https:\/\/cipele.ba\/en\/wp-json\/wp\/v2\/product_cat?post=29275"},{"taxonomy":"product_tag","embeddable":true,"href":"https:\/\/cipele.ba\/en\/wp-json\/wp\/v2\/product_tag?post=29275"}],"curies":[{"name":"wp","href":"https:\/\/api.w.org\/{rel}","templated":true}]}}