{"id":29276,"date":"2025-11-05T21:59:16","date_gmt":"2025-11-05T21:59:16","guid":{"rendered":"https:\/\/cipele.ba\/shop\/uncategorized\/adidas-runfalcon-5\/"},"modified":"2026-04-19T02:11:15","modified_gmt":"2026-04-19T02:11:15","slug":"adidas-runfalcon-5","status":"publish","type":"product","link":"https:\/\/cipele.ba\/en\/shop\/djeca\/djecije-patike\/adidas-runfalcon-5\/","title":{"rendered":"adidas RunFalcon 5"},"content":{"rendered":"<p><!--googleoff: all--> <\/p>\n<p>Svaka trka je put otkrivanja. Uve\u017ei se u ove adidas patike za tr\u010danje i istra\u017ei svoje mogu\u0107nosti. Cloudfoam srednji \u0111on ubla\u017eava korak i pru\u017ea udobnost dok gradi\u0161 izdr\u017eljivost. Izdr\u017eljiv tekstilni gornji dio daje podr\u0161ku od prvih krugova do tvoje prve 5K trke.<br \/>Detalji:<\/p>\n<li> Cloudfoam srednji \u0111on za udobnost i amortizaciju.<\/li>\n<li> Tekstilni gornji dio za lagan i prozra\u010dan osje\u0107aj.<\/li>\n<li>Izdr\u017eljiv dizajn za dugotrajnu podr\u0161ku i stabilnost.<br \/> <!--googleon: all--> <\/li>","protected":false},"excerpt":{"rendered":"<p>Svaka trka je put otkrivanja. Uve\u017ei se u ove adidas patike za tr\u010danje i istra\u017ei svoje mogu\u0107nosti. Cloudfoam srednji \u0111on ubla\u017eava korak i pru\u017ea udobnost dok gradi\u0161 izdr\u017eljivost. Izdr\u017eljiv tekstilni gornji dio daje podr\u0161ku od prvih krugova do tvoje prve 5K trke.Detalji: Cloudfoam srednji \u0111on za udobnost i amortizaciju. Tekstilni gornji dio za lagan i [&hellip;]<\/p>","protected":false},"featured_media":29270,"template":"","meta":{"jetpack_post_was_ever_published":false},"product_brand":[111],"product_cat":[59],"product_tag":[],"class_list":{"0":"post-29276","1":"product","2":"type-product","3":"status-publish","4":"has-post-thumbnail","6":"product_brand-sport_reality","7":"product_cat-djecije-patike","9":"first","10":"instock","11":"shipping-taxable","12":"product-type-external"},"jetpack-related-posts":[],"jetpack_sharing_enabled":true,"_links":{"self":[{"href":"https:\/\/cipele.ba\/en\/wp-json\/wp\/v2\/product\/29276","targetHints":{"allow":["GET"]}}],"collection":[{"href":"https:\/\/cipele.ba\/en\/wp-json\/wp\/v2\/product"}],"about":[{"href":"https:\/\/cipele.ba\/en\/wp-json\/wp\/v2\/types\/product"}],"wp:featuredmedia":[{"embeddable":true,"href":"https:\/\/cipele.ba\/en\/wp-json\/wp\/v2\/media\/29270"}],"wp:attachment":[{"href":"https:\/\/cipele.ba\/en\/wp-json\/wp\/v2\/media?parent=29276"}],"wp:term":[{"taxonomy":"product_brand","embeddable":true,"href":"https:\/\/cipele.ba\/en\/wp-json\/wp\/v2\/product_brand?post=29276"},{"taxonomy":"product_cat","embeddable":true,"href":"https:\/\/cipele.ba\/en\/wp-json\/wp\/v2\/product_cat?post=29276"},{"taxonomy":"product_tag","embeddable":true,"href":"https:\/\/cipele.ba\/en\/wp-json\/wp\/v2\/product_tag?post=29276"}],"curies":[{"name":"wp","href":"https:\/\/api.w.org\/{rel}","templated":true}]}}