{"id":29280,"date":"2025-11-05T21:59:19","date_gmt":"2025-11-05T21:59:19","guid":{"rendered":"https:\/\/cipele.ba\/shop\/uncategorized\/adidas-predator-club\/"},"modified":"2026-04-18T20:39:57","modified_gmt":"2026-04-18T20:39:57","slug":"adidas-predator-club","status":"publish","type":"product","link":"https:\/\/cipele.ba\/en\/shop\/djeca\/djecije-patike\/adidas-predator-club\/","title":{"rendered":"adidas Predator Club"},"content":{"rendered":"<p><!--googleoff: all--> <\/p>\n<p> U\u0111ite u svaku utakmicu znaju\u0107i da \u0107ete posti\u0107i pogodak u adidas Predator Club kopa\u010dkama za tinejd\u017eere za travnate terene napravljenim za davanje golova. <\/p>\n<\/p>\n<p> <b> Detalji <\/b> <\/p>\n<li> Uobi\u010dajeni kroj <\/li>\n<li> Pertlanje <\/li>\n<li> Sinteti\u010dko gornji\u0161te <\/li>\n<li> Tekstilna postava <\/li>\n<li> Gumeni spoljni \u0111on za terene s vje\u0161ta\u010dkom travom\n<\/p>\n<p> <b> Eco Story <\/b> <\/li>\n<li> Ovaj proizvod je napravljen od 20% recikliranih materijala <!--googleon: all--> <\/li>","protected":false},"excerpt":{"rendered":"<p>U\u0111ite u svaku utakmicu znaju\u0107i da \u0107ete posti\u0107i pogodak u adidas Predator Club kopa\u010dkama za tinejd\u017eere za travnate terene napravljenim za davanje golova. Detalji Uobi\u010dajeni kroj Pertlanje Sinteti\u010dko gornji\u0161te Tekstilna postava Gumeni spoljni \u0111on za terene s vje\u0161ta\u010dkom travom Eco Story Ovaj proizvod je napravljen od 20% recikliranih materijala<\/p>","protected":false},"featured_media":29277,"template":"","meta":{"jetpack_post_was_ever_published":false},"product_brand":[111],"product_cat":[59],"product_tag":[],"class_list":{"0":"post-29280","1":"product","2":"type-product","3":"status-publish","4":"has-post-thumbnail","6":"product_brand-sport_reality","7":"product_cat-djecije-patike","9":"first","10":"instock","11":"shipping-taxable","12":"product-type-external"},"jetpack-related-posts":[],"jetpack_sharing_enabled":true,"_links":{"self":[{"href":"https:\/\/cipele.ba\/en\/wp-json\/wp\/v2\/product\/29280","targetHints":{"allow":["GET"]}}],"collection":[{"href":"https:\/\/cipele.ba\/en\/wp-json\/wp\/v2\/product"}],"about":[{"href":"https:\/\/cipele.ba\/en\/wp-json\/wp\/v2\/types\/product"}],"wp:featuredmedia":[{"embeddable":true,"href":"https:\/\/cipele.ba\/en\/wp-json\/wp\/v2\/media\/29277"}],"wp:attachment":[{"href":"https:\/\/cipele.ba\/en\/wp-json\/wp\/v2\/media?parent=29280"}],"wp:term":[{"taxonomy":"product_brand","embeddable":true,"href":"https:\/\/cipele.ba\/en\/wp-json\/wp\/v2\/product_brand?post=29280"},{"taxonomy":"product_cat","embeddable":true,"href":"https:\/\/cipele.ba\/en\/wp-json\/wp\/v2\/product_cat?post=29280"},{"taxonomy":"product_tag","embeddable":true,"href":"https:\/\/cipele.ba\/en\/wp-json\/wp\/v2\/product_tag?post=29280"}],"curies":[{"name":"wp","href":"https:\/\/api.w.org\/{rel}","templated":true}]}}