{"id":29285,"date":"2025-11-05T21:59:23","date_gmt":"2025-11-05T21:59:23","guid":{"rendered":"https:\/\/cipele.ba\/shop\/uncategorized\/adidas-runfalcon-5-2\/"},"modified":"2026-04-18T21:49:32","modified_gmt":"2026-04-18T21:49:32","slug":"adidas-runfalcon-5-2","status":"publish","type":"product","link":"https:\/\/cipele.ba\/en\/shop\/djeca\/djecije-patike\/adidas-runfalcon-5-2\/","title":{"rendered":"adidas Runfalcon 5"},"content":{"rendered":"<p><!--googleoff: all--> <\/p>\n<p> Tr\u010danje, igra, pa opet sve ispo\u010detka \u2013 ove adidas Runfalcon 5 patike za tinejd\u017eere pru\u017eaju vam potporu dok ste u pokretu. <\/p>\n<\/p>\n<p> <b> Detalji <\/b> <\/p>\n<li> Uobi\u010dajeni kroj <\/li>\n<li> Pertlanje <\/li>\n<li> Tekstilno gornji\u0161te <\/li>\n<li> Tekstilna postava <\/li>\n<li> Cloudfoam srednji \u0111on <\/li>\n<li> Gumeni spoljni \u0111on\n<\/p>\n<p> <b> Eco Story <\/b> <\/li>\n<li> Ovaj proizvod je napravljen od 20% recikliranih materijala <!--googleon: all--> <\/li>","protected":false},"excerpt":{"rendered":"<p>Tr\u010danje, igra, pa opet sve ispo\u010detka \u2013 ove adidas Runfalcon 5 patike za tinejd\u017eere pru\u017eaju vam potporu dok ste u pokretu. Detalji Uobi\u010dajeni kroj Pertlanje Tekstilno gornji\u0161te Tekstilna postava Cloudfoam srednji \u0111on Gumeni spoljni \u0111on Eco Story Ovaj proizvod je napravljen od 20% recikliranih materijala<\/p>","protected":false},"featured_media":29284,"template":"","meta":{"jetpack_post_was_ever_published":false},"product_brand":[111],"product_cat":[59],"product_tag":[],"class_list":{"0":"post-29285","1":"product","2":"type-product","3":"status-publish","4":"has-post-thumbnail","6":"product_brand-sport_reality","7":"product_cat-djecije-patike","9":"first","10":"instock","11":"sale","12":"shipping-taxable","13":"product-type-external"},"jetpack-related-posts":[],"jetpack_sharing_enabled":true,"_links":{"self":[{"href":"https:\/\/cipele.ba\/en\/wp-json\/wp\/v2\/product\/29285","targetHints":{"allow":["GET"]}}],"collection":[{"href":"https:\/\/cipele.ba\/en\/wp-json\/wp\/v2\/product"}],"about":[{"href":"https:\/\/cipele.ba\/en\/wp-json\/wp\/v2\/types\/product"}],"wp:featuredmedia":[{"embeddable":true,"href":"https:\/\/cipele.ba\/en\/wp-json\/wp\/v2\/media\/29284"}],"wp:attachment":[{"href":"https:\/\/cipele.ba\/en\/wp-json\/wp\/v2\/media?parent=29285"}],"wp:term":[{"taxonomy":"product_brand","embeddable":true,"href":"https:\/\/cipele.ba\/en\/wp-json\/wp\/v2\/product_brand?post=29285"},{"taxonomy":"product_cat","embeddable":true,"href":"https:\/\/cipele.ba\/en\/wp-json\/wp\/v2\/product_cat?post=29285"},{"taxonomy":"product_tag","embeddable":true,"href":"https:\/\/cipele.ba\/en\/wp-json\/wp\/v2\/product_tag?post=29285"}],"curies":[{"name":"wp","href":"https:\/\/api.w.org\/{rel}","templated":true}]}}