{"id":29286,"date":"2025-11-05T21:59:23","date_gmt":"2025-11-05T21:59:23","guid":{"rendered":"https:\/\/cipele.ba\/shop\/uncategorized\/adidas-predator-club-in-sala\/"},"modified":"2026-04-21T07:28:25","modified_gmt":"2026-04-21T07:28:25","slug":"adidas-predator-club-in-sala","status":"publish","type":"product","link":"https:\/\/cipele.ba\/en\/shop\/djeca\/djecije-patike\/adidas-predator-club-in-sala\/","title":{"rendered":"adidas Predator Club In Sala"},"content":{"rendered":"<p><!--googleoff: all--> <\/p>\n<p> U\u0111ite u svaku utakmicu znaju\u0107i da \u0107ete posti\u0107i pogodak u adidas Predator Club In Sala kopa\u010dkama za tinejd\u017eere napravljenim za davanje golova. <\/p>\n<\/p>\n<p> <b> Detalji <\/b> <\/p>\n<li> Postavljene mekom tkaninom i prekrivene \u010dvrstim TPU materijalom <\/li>\n<li> Mre\u017easto gornji\u0161te podsti\u010de protok vazduha <\/li>\n<li> Gumeni spoljni \u0111on koji ne ostavlja tragove\n<\/p>\n<p> <b> Eco Story: <\/b> <\/li>\n<li> Ovaj proizvod sadr\u017ei najmanje 20% recikliranih materijala. <!--googleon: all--> <\/li>","protected":false},"excerpt":{"rendered":"<p>U\u0111ite u svaku utakmicu znaju\u0107i da \u0107ete posti\u0107i pogodak u adidas Predator Club In Sala kopa\u010dkama za tinejd\u017eere napravljenim za davanje golova. Detalji Postavljene mekom tkaninom i prekrivene \u010dvrstim TPU materijalom Mre\u017easto gornji\u0161te podsti\u010de protok vazduha Gumeni spoljni \u0111on koji ne ostavlja tragove Eco Story: Ovaj proizvod sadr\u017ei najmanje 20% recikliranih materijala.<\/p>","protected":false},"featured_media":29283,"template":"","meta":{"jetpack_post_was_ever_published":false},"product_brand":[111],"product_cat":[59],"product_tag":[],"class_list":{"0":"post-29286","1":"product","2":"type-product","3":"status-publish","4":"has-post-thumbnail","6":"product_brand-sport_reality","7":"product_cat-djecije-patike","9":"first","10":"instock","11":"sale","12":"shipping-taxable","13":"product-type-external"},"jetpack-related-posts":[],"jetpack_sharing_enabled":true,"_links":{"self":[{"href":"https:\/\/cipele.ba\/en\/wp-json\/wp\/v2\/product\/29286","targetHints":{"allow":["GET"]}}],"collection":[{"href":"https:\/\/cipele.ba\/en\/wp-json\/wp\/v2\/product"}],"about":[{"href":"https:\/\/cipele.ba\/en\/wp-json\/wp\/v2\/types\/product"}],"wp:featuredmedia":[{"embeddable":true,"href":"https:\/\/cipele.ba\/en\/wp-json\/wp\/v2\/media\/29283"}],"wp:attachment":[{"href":"https:\/\/cipele.ba\/en\/wp-json\/wp\/v2\/media?parent=29286"}],"wp:term":[{"taxonomy":"product_brand","embeddable":true,"href":"https:\/\/cipele.ba\/en\/wp-json\/wp\/v2\/product_brand?post=29286"},{"taxonomy":"product_cat","embeddable":true,"href":"https:\/\/cipele.ba\/en\/wp-json\/wp\/v2\/product_cat?post=29286"},{"taxonomy":"product_tag","embeddable":true,"href":"https:\/\/cipele.ba\/en\/wp-json\/wp\/v2\/product_tag?post=29286"}],"curies":[{"name":"wp","href":"https:\/\/api.w.org\/{rel}","templated":true}]}}