{"id":29291,"date":"2025-11-05T21:59:27","date_gmt":"2025-11-05T21:59:27","guid":{"rendered":"https:\/\/cipele.ba\/shop\/uncategorized\/adidas-run-70s-2-0-2\/"},"modified":"2026-04-20T02:50:23","modified_gmt":"2026-04-20T02:50:23","slug":"adidas-run-70s-2-0-2","status":"publish","type":"product","link":"https:\/\/cipele.ba\/en\/shop\/djeca\/djecije-patike\/adidas-run-70s-2-0-2\/","title":{"rendered":"adidas RUN 70s 2.0"},"content":{"rendered":"<p><!--googleoff: all--> <\/p>\n<p>Pusti stopala da tr\u010de slobodno kao ma\u0161ta! Sa retro dizajnom inspirisanim tr\u010danjem i mekanom Cloudfoam amortizacijom, ove juniorske adidas patike pru\u017eaju udobnost bilo da \u017euri\u0161 na \u010das ili istra\u017euje\u0161 grad. Gumeni \u0111on koji ne ostavlja tragove obezbje\u0111uje sigurno prianjanje svaki dan, dok kombinacija razli\u010ditih materijala u gornjem dijelu vra\u0107a stil u sedamdesete.<br \/>Detalji:<br \/>Detalji:<\/p>\n<li> Udobnost \u2013 Cloudfoam amortizacija za mek korak i dugotrajno no\u0161enje.<\/li>\n<li> Sigurno prianjanje \u2013 gumeni \u0111on koji ne ostavlja tragove za stabilnost.<\/li>\n<li> Retro stil \u2013 dizajn inspirisan sedamdesetim za moderan, vintage izgled. <!--googleon: all--> <\/li>","protected":false},"excerpt":{"rendered":"<p>Pusti stopala da tr\u010de slobodno kao ma\u0161ta! Sa retro dizajnom inspirisanim tr\u010danjem i mekanom Cloudfoam amortizacijom, ove juniorske adidas patike pru\u017eaju udobnost bilo da \u017euri\u0161 na \u010das ili istra\u017euje\u0161 grad. Gumeni \u0111on koji ne ostavlja tragove obezbje\u0111uje sigurno prianjanje svaki dan, dok kombinacija razli\u010ditih materijala u gornjem dijelu vra\u0107a stil u sedamdesete.Detalji:Detalji: Udobnost \u2013 Cloudfoam [&hellip;]<\/p>","protected":false},"featured_media":29289,"template":"","meta":{"jetpack_post_was_ever_published":false},"product_brand":[111],"product_cat":[59],"product_tag":[],"class_list":{"0":"post-29291","1":"product","2":"type-product","3":"status-publish","4":"has-post-thumbnail","6":"product_brand-sport_reality","7":"product_cat-djecije-patike","9":"first","10":"instock","11":"sale","12":"shipping-taxable","13":"product-type-external"},"jetpack-related-posts":[],"jetpack_sharing_enabled":true,"_links":{"self":[{"href":"https:\/\/cipele.ba\/en\/wp-json\/wp\/v2\/product\/29291","targetHints":{"allow":["GET"]}}],"collection":[{"href":"https:\/\/cipele.ba\/en\/wp-json\/wp\/v2\/product"}],"about":[{"href":"https:\/\/cipele.ba\/en\/wp-json\/wp\/v2\/types\/product"}],"wp:featuredmedia":[{"embeddable":true,"href":"https:\/\/cipele.ba\/en\/wp-json\/wp\/v2\/media\/29289"}],"wp:attachment":[{"href":"https:\/\/cipele.ba\/en\/wp-json\/wp\/v2\/media?parent=29291"}],"wp:term":[{"taxonomy":"product_brand","embeddable":true,"href":"https:\/\/cipele.ba\/en\/wp-json\/wp\/v2\/product_brand?post=29291"},{"taxonomy":"product_cat","embeddable":true,"href":"https:\/\/cipele.ba\/en\/wp-json\/wp\/v2\/product_cat?post=29291"},{"taxonomy":"product_tag","embeddable":true,"href":"https:\/\/cipele.ba\/en\/wp-json\/wp\/v2\/product_tag?post=29291"}],"curies":[{"name":"wp","href":"https:\/\/api.w.org\/{rel}","templated":true}]}}