{"id":29298,"date":"2025-11-05T21:59:31","date_gmt":"2025-11-05T21:59:31","guid":{"rendered":"https:\/\/cipele.ba\/shop\/uncategorized\/nike-flex-runner-3-4\/"},"modified":"2026-04-18T21:48:16","modified_gmt":"2026-04-18T21:48:16","slug":"nike-flex-runner-3-4","status":"publish","type":"product","link":"https:\/\/cipele.ba\/en\/shop\/djeca\/djecije-patike\/nike-flex-runner-3-4\/","title":{"rendered":"Nike Flex Runner 3"},"content":{"rendered":"<p><!--googleoff: all--> <\/p>\n<p> Nike Flex Runner 3 su dje\u010dije patike koje \u0107e biti njihov vjerni pratilac u svim njihovim avanturama. <\/p>\n<p> Flex Runner su omiljene me\u0111u djecom zbog svog dizajna koji se lako navla\u010di i fleksibilnog, prianjaju\u0107eg \u0111ona. Napravljene imajuc\u0301i na umu igrali\u0161ta, izlete i odmor, ove patike imaju pripijeni gornji dio nalik na \u010darape koji je mekan i udoban za djecu spremnu za igru. Rastegljivi dizajn patika olak\u0161ava uvla\u010denje ili izvla\u010denje malih stopala, a istovremeno pru\u017ea prijatan i siguran osjec\u0301aj. Petlje na peti i na jeziku olak\u0161avaju djeci da ih navuku. Zadnji dio patike ima pjenu koja stvara krilasti oblik oko pete za dodatnu stabilnost kada se krec\u0301ete u razli\u010ditim pravcima. Fleksibilni \u0111on od pjene ima \u017eljebove od pete do prstiju, tako da svaki korak izgleda prirodno. Dezen \u0111ona tako\u0111e poma\u017ee pri vu\u010di na vi\u0161e povr\u0161ina. Oja\u010dani vrh prstiju i \u010dvrsti tekstil pru\u017eaju izdr\u017eljivu konstrukciju za dugotrajnu udobnost. Prozra\u010dna tkanina na prednjoj strani patike je lagana i poma\u017ee da noge budu hladne dok va\u0161e dijete tr\u010di i igra se. <\/p>\n<p> Specifikacija: <\/p>\n<li> Dje\u010djie patike-LIfestyle <\/li>\n<li> Fleksibilni \u0111on od pjene <\/li>\n<li> Oja\u010dani vrh prstiju <!--googleon: all--> <\/li>","protected":false},"excerpt":{"rendered":"<p>Nike Flex Runner 3 su dje\u010dije patike koje \u0107e biti njihov vjerni pratilac u svim njihovim avanturama. Flex Runner su omiljene me\u0111u djecom zbog svog dizajna koji se lako navla\u010di i fleksibilnog, prianjaju\u0107eg \u0111ona. Napravljene imajuc\u0301i na umu igrali\u0161ta, izlete i odmor, ove patike imaju pripijeni gornji dio nalik na \u010darape koji je mekan i [&hellip;]<\/p>","protected":false},"featured_media":29295,"template":"","meta":{"jetpack_post_was_ever_published":false},"product_brand":[111],"product_cat":[59],"product_tag":[],"class_list":{"0":"post-29298","1":"product","2":"type-product","3":"status-publish","4":"has-post-thumbnail","6":"product_brand-sport_reality","7":"product_cat-djecije-patike","9":"first","10":"instock","11":"sale","12":"shipping-taxable","13":"product-type-external"},"jetpack-related-posts":[],"jetpack_sharing_enabled":true,"_links":{"self":[{"href":"https:\/\/cipele.ba\/en\/wp-json\/wp\/v2\/product\/29298","targetHints":{"allow":["GET"]}}],"collection":[{"href":"https:\/\/cipele.ba\/en\/wp-json\/wp\/v2\/product"}],"about":[{"href":"https:\/\/cipele.ba\/en\/wp-json\/wp\/v2\/types\/product"}],"wp:featuredmedia":[{"embeddable":true,"href":"https:\/\/cipele.ba\/en\/wp-json\/wp\/v2\/media\/29295"}],"wp:attachment":[{"href":"https:\/\/cipele.ba\/en\/wp-json\/wp\/v2\/media?parent=29298"}],"wp:term":[{"taxonomy":"product_brand","embeddable":true,"href":"https:\/\/cipele.ba\/en\/wp-json\/wp\/v2\/product_brand?post=29298"},{"taxonomy":"product_cat","embeddable":true,"href":"https:\/\/cipele.ba\/en\/wp-json\/wp\/v2\/product_cat?post=29298"},{"taxonomy":"product_tag","embeddable":true,"href":"https:\/\/cipele.ba\/en\/wp-json\/wp\/v2\/product_tag?post=29298"}],"curies":[{"name":"wp","href":"https:\/\/api.w.org\/{rel}","templated":true}]}}