{"id":29324,"date":"2025-11-05T21:59:48","date_gmt":"2025-11-05T21:59:48","guid":{"rendered":"https:\/\/cipele.ba\/shop\/uncategorized\/skechers-uno-lite-7\/"},"modified":"2026-04-20T06:13:49","modified_gmt":"2026-04-20T06:13:49","slug":"skechers-uno-lite-7","status":"publish","type":"product","link":"https:\/\/cipele.ba\/en\/shop\/djeca\/djecije-patike\/skechers-uno-lite-7\/","title":{"rendered":"Skechers UNO LITE"},"content":{"rendered":"<p><!--googleoff: all--> <\/p>\n<p>SKECHERS UNO LITE su dje\u010dije lifestyle patike za starije djevoj\u010dice, neobi\u010dnog dizajna.<\/p>\n<p>SKECHERS obuc\u0301a je izuzetno moderna, fleksibilna i udobna za svakodnevne aktivnosti i slobodno vrijeme. Gornji dio udobno obavija va\u0161a stopala, a u isto vrijeme im daje i potrebnu \u010dvrstinu. Perforacije po cijelom gornji\u0161tu osiguravaju odli\u010dnu prozra\u010dnost ovih patika, tako da \u0107e va\u0161a stopala biti suva i svje\u017ea. Patike su sa klasi\u010dnim pertlanjem, koloritnog dizajna na spoljnom bo\u010dnom panelu i jeziku i jednobojnim unutra\u0161njim panelom. Logo SKECHERS na jeziku jasno isti\u010de va\u0161e sportsko opredjeljenje. Omiljene farmerke, trenerka ili helanke izbor je samo va\u0161, jer \u0107ete sve lako uklopiti sa ovim modernim patikama. Gumeni \u0111on pru\u017ea odli\u010dno prianjajne. Ukoliko \u017eelite da budete primje\u0107ene i zapam\u0107enane na gradskim ulicama, ove SKECHERS lifestyle patike su va\u0161 nezaobilazni saveznik. <\/p>\n<p> Specifikacija: <\/p>\n<li>Dje\u010dije lifestyle patike za starije djevoj\u010dice<\/li>\n<li>Perforirani gornji\u0161te<\/li>\n<li>Pertlanje<\/li>\n<li>Plitak profil<\/li>\n<li>Koloritni dizajn<\/li>\n<li>Gumeni \u0111on <!--googleon: all--> <\/li>","protected":false},"excerpt":{"rendered":"<p>SKECHERS UNO LITE su dje\u010dije lifestyle patike za starije djevoj\u010dice, neobi\u010dnog dizajna. SKECHERS obuc\u0301a je izuzetno moderna, fleksibilna i udobna za svakodnevne aktivnosti i slobodno vrijeme. Gornji dio udobno obavija va\u0161a stopala, a u isto vrijeme im daje i potrebnu \u010dvrstinu. Perforacije po cijelom gornji\u0161tu osiguravaju odli\u010dnu prozra\u010dnost ovih patika, tako da \u0107e va\u0161a stopala [&hellip;]<\/p>","protected":false},"featured_media":29321,"template":"","meta":{"jetpack_post_was_ever_published":false},"product_brand":[111],"product_cat":[59],"product_tag":[],"class_list":{"0":"post-29324","1":"product","2":"type-product","3":"status-publish","4":"has-post-thumbnail","6":"product_brand-sport_reality","7":"product_cat-djecije-patike","9":"first","10":"instock","11":"sale","12":"shipping-taxable","13":"product-type-external"},"jetpack-related-posts":[],"jetpack_sharing_enabled":true,"_links":{"self":[{"href":"https:\/\/cipele.ba\/en\/wp-json\/wp\/v2\/product\/29324","targetHints":{"allow":["GET"]}}],"collection":[{"href":"https:\/\/cipele.ba\/en\/wp-json\/wp\/v2\/product"}],"about":[{"href":"https:\/\/cipele.ba\/en\/wp-json\/wp\/v2\/types\/product"}],"wp:featuredmedia":[{"embeddable":true,"href":"https:\/\/cipele.ba\/en\/wp-json\/wp\/v2\/media\/29321"}],"wp:attachment":[{"href":"https:\/\/cipele.ba\/en\/wp-json\/wp\/v2\/media?parent=29324"}],"wp:term":[{"taxonomy":"product_brand","embeddable":true,"href":"https:\/\/cipele.ba\/en\/wp-json\/wp\/v2\/product_brand?post=29324"},{"taxonomy":"product_cat","embeddable":true,"href":"https:\/\/cipele.ba\/en\/wp-json\/wp\/v2\/product_cat?post=29324"},{"taxonomy":"product_tag","embeddable":true,"href":"https:\/\/cipele.ba\/en\/wp-json\/wp\/v2\/product_tag?post=29324"}],"curies":[{"name":"wp","href":"https:\/\/api.w.org\/{rel}","templated":true}]}}