{"id":29336,"date":"2025-11-05T21:59:56","date_gmt":"2025-11-05T21:59:56","guid":{"rendered":"https:\/\/cipele.ba\/shop\/uncategorized\/adidas-tensaur-run-3-0-el-c\/"},"modified":"2026-04-18T17:56:50","modified_gmt":"2026-04-18T17:56:50","slug":"adidas-tensaur-run-3-0-el-c","status":"publish","type":"product","link":"https:\/\/cipele.ba\/en\/shop\/djeca\/djecije-patike\/adidas-tensaur-run-3-0-el-c\/","title":{"rendered":"adidas Tensaur Run 3.0 EL C"},"content":{"rendered":"<p><!--googleoff: all--> <\/p>\n<p>Udobne i brze, ove dje\u010dije adidas patike spremne su za svaku avanturu. Prozra\u010dna mre\u017easta gornja povr\u0161ina pru\u017ea lagan i svje\u017e osje\u0107aj, dok klasi\u010dno vezivanje uz \u010di\u010dak traku osigurava stabilno pristajanje. EVA amortizacija daje podr\u0161ku mali\u0161anima dok tr\u010de po parku ili istra\u017euju nova mjesta.<br \/>Detalji:<\/p>\n<li> Udobnost \u2013 EVA amortizacija za prijatan korak tokom igre.<\/li>\n<li> Sigurno pristajanje \u2013 kombinacija pertli i \u010di\u010dak trake dr\u017ei stopalo na mjestu.<\/li>\n<li> Prozra\u010dnost \u2013 mre\u017easta struktura omogu\u0107ava cirkulaciju vazduha i smanjuje znojenje. <!--googleon: all--> <\/li>","protected":false},"excerpt":{"rendered":"<p>Udobne i brze, ove dje\u010dije adidas patike spremne su za svaku avanturu. Prozra\u010dna mre\u017easta gornja povr\u0161ina pru\u017ea lagan i svje\u017e osje\u0107aj, dok klasi\u010dno vezivanje uz \u010di\u010dak traku osigurava stabilno pristajanje. EVA amortizacija daje podr\u0161ku mali\u0161anima dok tr\u010de po parku ili istra\u017euju nova mjesta.Detalji: Udobnost \u2013 EVA amortizacija za prijatan korak tokom igre. Sigurno pristajanje \u2013 [&hellip;]<\/p>","protected":false},"featured_media":29333,"template":"","meta":{"jetpack_post_was_ever_published":false},"product_brand":[111],"product_cat":[59],"product_tag":[],"class_list":{"0":"post-29336","1":"product","2":"type-product","3":"status-publish","4":"has-post-thumbnail","6":"product_brand-sport_reality","7":"product_cat-djecije-patike","9":"first","10":"instock","11":"sale","12":"shipping-taxable","13":"product-type-external"},"jetpack-related-posts":[],"jetpack_sharing_enabled":true,"_links":{"self":[{"href":"https:\/\/cipele.ba\/en\/wp-json\/wp\/v2\/product\/29336","targetHints":{"allow":["GET"]}}],"collection":[{"href":"https:\/\/cipele.ba\/en\/wp-json\/wp\/v2\/product"}],"about":[{"href":"https:\/\/cipele.ba\/en\/wp-json\/wp\/v2\/types\/product"}],"wp:featuredmedia":[{"embeddable":true,"href":"https:\/\/cipele.ba\/en\/wp-json\/wp\/v2\/media\/29333"}],"wp:attachment":[{"href":"https:\/\/cipele.ba\/en\/wp-json\/wp\/v2\/media?parent=29336"}],"wp:term":[{"taxonomy":"product_brand","embeddable":true,"href":"https:\/\/cipele.ba\/en\/wp-json\/wp\/v2\/product_brand?post=29336"},{"taxonomy":"product_cat","embeddable":true,"href":"https:\/\/cipele.ba\/en\/wp-json\/wp\/v2\/product_cat?post=29336"},{"taxonomy":"product_tag","embeddable":true,"href":"https:\/\/cipele.ba\/en\/wp-json\/wp\/v2\/product_tag?post=29336"}],"curies":[{"name":"wp","href":"https:\/\/api.w.org\/{rel}","templated":true}]}}