{"id":29348,"date":"2025-11-05T22:00:06","date_gmt":"2025-11-05T22:00:06","guid":{"rendered":"https:\/\/cipele.ba\/shop\/uncategorized\/adidas-duramo-sl2\/"},"modified":"2026-04-15T10:19:47","modified_gmt":"2026-04-15T10:19:47","slug":"adidas-duramo-sl2","status":"publish","type":"product","link":"https:\/\/cipele.ba\/en\/shop\/djeca\/djecije-patike\/adidas-duramo-sl2\/","title":{"rendered":"adidas Duramo SL2"},"content":{"rendered":"<p><!--googleoff: all--> <\/p>\n<p> Ove adidas Duramo SL2 patike za tr\u010danje za tinejd\u017eere napravljene su za akciju koja ne prestaje. <\/p>\n<\/p>\n<p> <b> Detalji <\/b> <\/p>\n<li> Uobi\u010dajeni kroj <\/li>\n<li> Lightmotion srednji \u0111on <\/li>\n<li> Mre\u017easto gornji\u0161te sendvi\u010d stila <\/li>\n<li> Gumeni spoljni \u0111on\n<\/p>\n<p> <b> Eco Story <\/b> <\/li>\n<li> Ovaj proizvod je napravljen od 20% recikliranih materijala <!--googleon: all--> <\/li>","protected":false},"excerpt":{"rendered":"<p>Ove adidas Duramo SL2 patike za tr\u010danje za tinejd\u017eere napravljene su za akciju koja ne prestaje. Detalji Uobi\u010dajeni kroj Lightmotion srednji \u0111on Mre\u017easto gornji\u0161te sendvi\u010d stila Gumeni spoljni \u0111on Eco Story Ovaj proizvod je napravljen od 20% recikliranih materijala<\/p>","protected":false},"featured_media":29345,"template":"","meta":{"jetpack_post_was_ever_published":false},"product_brand":[111],"product_cat":[59],"product_tag":[],"class_list":{"0":"post-29348","1":"product","2":"type-product","3":"status-publish","4":"has-post-thumbnail","6":"product_brand-sport_reality","7":"product_cat-djecije-patike","9":"first","10":"instock","11":"sale","12":"shipping-taxable","13":"product-type-external"},"jetpack-related-posts":[],"jetpack_sharing_enabled":true,"_links":{"self":[{"href":"https:\/\/cipele.ba\/en\/wp-json\/wp\/v2\/product\/29348","targetHints":{"allow":["GET"]}}],"collection":[{"href":"https:\/\/cipele.ba\/en\/wp-json\/wp\/v2\/product"}],"about":[{"href":"https:\/\/cipele.ba\/en\/wp-json\/wp\/v2\/types\/product"}],"wp:featuredmedia":[{"embeddable":true,"href":"https:\/\/cipele.ba\/en\/wp-json\/wp\/v2\/media\/29345"}],"wp:attachment":[{"href":"https:\/\/cipele.ba\/en\/wp-json\/wp\/v2\/media?parent=29348"}],"wp:term":[{"taxonomy":"product_brand","embeddable":true,"href":"https:\/\/cipele.ba\/en\/wp-json\/wp\/v2\/product_brand?post=29348"},{"taxonomy":"product_cat","embeddable":true,"href":"https:\/\/cipele.ba\/en\/wp-json\/wp\/v2\/product_cat?post=29348"},{"taxonomy":"product_tag","embeddable":true,"href":"https:\/\/cipele.ba\/en\/wp-json\/wp\/v2\/product_tag?post=29348"}],"curies":[{"name":"wp","href":"https:\/\/api.w.org\/{rel}","templated":true}]}}