{"id":29358,"date":"2025-11-05T22:00:14","date_gmt":"2025-11-05T22:00:14","guid":{"rendered":"https:\/\/cipele.ba\/shop\/uncategorized\/puma-karmen-ii-idol-2\/"},"modified":"2026-04-19T02:20:04","modified_gmt":"2026-04-19T02:20:04","slug":"puma-karmen-ii-idol-2","status":"publish","type":"product","link":"https:\/\/cipele.ba\/en\/shop\/djeca\/djecije-patike\/puma-karmen-ii-idol-2\/","title":{"rendered":"Puma Karmen II Idol"},"content":{"rendered":"<p><!--googleoff: all--> <\/p>\n<p> Puma Karmen II Idol lifestyle patike za dje\u010dake su sveden i moderan dodatak garderobi svakog mladog ljubitelja mode, uz jasne linije i modernu siluetu koje ih \u010dine opcijom za no\u0161enje u razli\u010ditim kombinacijama. <\/p>\n<\/p>\n<p> <b> Detalji <\/b> <\/p>\n<li> Amortizovani unutra\u0161nji \u0111on pru\u017ea vrhunsku potporu za dugo no\u0161enje, dok sna\u017eni gumeni spoljni \u0111on osigurava pouzdanu trakciju na razli\u010ditim povr\u0161inama <\/li>\n<li> Prozra\u010dna tekstilna postava odr\u017eava suvo\u0107u i svje\u017einu stopala i \u010dini ove patike savr\u0161enim izborom i za svakodnevne avanture i za energi\u010dnije poduhvate <!--googleon: all--> <\/li>","protected":false},"excerpt":{"rendered":"<p>Puma Karmen II Idol lifestyle patike za dje\u010dake su sveden i moderan dodatak garderobi svakog mladog ljubitelja mode, uz jasne linije i modernu siluetu koje ih \u010dine opcijom za no\u0161enje u razli\u010ditim kombinacijama. Detalji Amortizovani unutra\u0161nji \u0111on pru\u017ea vrhunsku potporu za dugo no\u0161enje, dok sna\u017eni gumeni spoljni \u0111on osigurava pouzdanu trakciju na razli\u010ditim povr\u0161inama Prozra\u010dna [&hellip;]<\/p>","protected":false},"featured_media":29355,"template":"","meta":{"jetpack_post_was_ever_published":false},"product_brand":[111],"product_cat":[59],"product_tag":[],"class_list":{"0":"post-29358","1":"product","2":"type-product","3":"status-publish","4":"has-post-thumbnail","6":"product_brand-sport_reality","7":"product_cat-djecije-patike","9":"first","10":"instock","11":"sale","12":"shipping-taxable","13":"product-type-external"},"jetpack-related-posts":[],"jetpack_sharing_enabled":true,"_links":{"self":[{"href":"https:\/\/cipele.ba\/en\/wp-json\/wp\/v2\/product\/29358","targetHints":{"allow":["GET"]}}],"collection":[{"href":"https:\/\/cipele.ba\/en\/wp-json\/wp\/v2\/product"}],"about":[{"href":"https:\/\/cipele.ba\/en\/wp-json\/wp\/v2\/types\/product"}],"wp:featuredmedia":[{"embeddable":true,"href":"https:\/\/cipele.ba\/en\/wp-json\/wp\/v2\/media\/29355"}],"wp:attachment":[{"href":"https:\/\/cipele.ba\/en\/wp-json\/wp\/v2\/media?parent=29358"}],"wp:term":[{"taxonomy":"product_brand","embeddable":true,"href":"https:\/\/cipele.ba\/en\/wp-json\/wp\/v2\/product_brand?post=29358"},{"taxonomy":"product_cat","embeddable":true,"href":"https:\/\/cipele.ba\/en\/wp-json\/wp\/v2\/product_cat?post=29358"},{"taxonomy":"product_tag","embeddable":true,"href":"https:\/\/cipele.ba\/en\/wp-json\/wp\/v2\/product_tag?post=29358"}],"curies":[{"name":"wp","href":"https:\/\/api.w.org\/{rel}","templated":true}]}}