{"id":29363,"date":"2025-11-05T22:00:18","date_gmt":"2025-11-05T22:00:18","guid":{"rendered":"https:\/\/cipele.ba\/shop\/uncategorized\/nike-air-max-intrlk-lite-2\/"},"modified":"2026-04-19T02:19:33","modified_gmt":"2026-04-19T02:19:33","slug":"nike-air-max-intrlk-lite-2","status":"publish","type":"product","link":"https:\/\/cipele.ba\/en\/shop\/djeca\/djecije-patike\/nike-air-max-intrlk-lite-2\/","title":{"rendered":"Nike Air Max INTRLK Lite"},"content":{"rendered":"<p><!--googleoff: all--> <\/p>\n<p> Nike Air Max INTRLK Lite su dje\u010dije lifestyle patike za malu djecu, kultnog dizajna sa modernim zaokretom.<\/p>\n<p> Omiljeni dizajn i provjereni Nike kvalitet su najbolja preporuka za ove dje\u010dije patike. Kombinacija tekstila i sinteti\u010dke ko\u017ee nje\u017eno obavijaju va\u0161a stopala i pored izdr\u017eljivosti daju i prozra\u010dnost i lijep osje\u0107aj svje\u017eine. Redizajnirana Max Air jedinica pru\u017ea osje\u0107aj mekog jastuka ispod stopala i osigurava dobru i laganu amortizaciju. Pro\u0161ivene linije isti\u010du futuristi\u010dki dizajn ovih Nike patika. Elasti\u010dne pertle, pored odli\u010dnog prianjanja, zna\u010dajno olak\u0161avaju obuvanje i izuvanje ovih patika. Gumeni \u0111on savr\u0161eno prianja i daje sigurnost va\u0161em koraku. <\/p>\n<p> Specifikacija: <\/p>\n<li> Dje\u010dije lifestyle patike za veliku djecu<\/li>\n<li>Gornji\u0161te od tekstila i sinteti\u010dke ko\u017ee<\/li>\n<li>Elasti\u010dne pertle<\/li>\n<li> Redizajnirana Max Air jedinica <\/li>\n<li>Gumeni \u0111on <!--googleon: all--> <\/li>","protected":false},"excerpt":{"rendered":"<p>Nike Air Max INTRLK Lite su dje\u010dije lifestyle patike za malu djecu, kultnog dizajna sa modernim zaokretom. Omiljeni dizajn i provjereni Nike kvalitet su najbolja preporuka za ove dje\u010dije patike. Kombinacija tekstila i sinteti\u010dke ko\u017ee nje\u017eno obavijaju va\u0161a stopala i pored izdr\u017eljivosti daju i prozra\u010dnost i lijep osje\u0107aj svje\u017eine. Redizajnirana Max Air jedinica pru\u017ea osje\u0107aj [&hellip;]<\/p>","protected":false},"featured_media":29361,"template":"","meta":{"jetpack_post_was_ever_published":false},"product_brand":[111],"product_cat":[59],"product_tag":[],"class_list":{"0":"post-29363","1":"product","2":"type-product","3":"status-publish","4":"has-post-thumbnail","6":"product_brand-sport_reality","7":"product_cat-djecije-patike","9":"first","10":"instock","11":"shipping-taxable","12":"product-type-external"},"jetpack-related-posts":[],"jetpack_sharing_enabled":true,"_links":{"self":[{"href":"https:\/\/cipele.ba\/en\/wp-json\/wp\/v2\/product\/29363","targetHints":{"allow":["GET"]}}],"collection":[{"href":"https:\/\/cipele.ba\/en\/wp-json\/wp\/v2\/product"}],"about":[{"href":"https:\/\/cipele.ba\/en\/wp-json\/wp\/v2\/types\/product"}],"wp:featuredmedia":[{"embeddable":true,"href":"https:\/\/cipele.ba\/en\/wp-json\/wp\/v2\/media\/29361"}],"wp:attachment":[{"href":"https:\/\/cipele.ba\/en\/wp-json\/wp\/v2\/media?parent=29363"}],"wp:term":[{"taxonomy":"product_brand","embeddable":true,"href":"https:\/\/cipele.ba\/en\/wp-json\/wp\/v2\/product_brand?post=29363"},{"taxonomy":"product_cat","embeddable":true,"href":"https:\/\/cipele.ba\/en\/wp-json\/wp\/v2\/product_cat?post=29363"},{"taxonomy":"product_tag","embeddable":true,"href":"https:\/\/cipele.ba\/en\/wp-json\/wp\/v2\/product_tag?post=29363"}],"curies":[{"name":"wp","href":"https:\/\/api.w.org\/{rel}","templated":true}]}}