{"id":29370,"date":"2025-11-05T22:00:24","date_gmt":"2025-11-05T22:00:24","guid":{"rendered":"https:\/\/cipele.ba\/shop\/uncategorized\/adidas-run-70s-2-0-3\/"},"modified":"2026-04-19T01:27:32","modified_gmt":"2026-04-19T01:27:32","slug":"adidas-run-70s-2-0-3","status":"publish","type":"product","link":"https:\/\/cipele.ba\/en\/shop\/djeca\/djecije-patike\/adidas-run-70s-2-0-3\/","title":{"rendered":"adidas Run 70s 2.0"},"content":{"rendered":"<p><!--googleoff: all--> <\/p>\n<p>Pusti stopala da tr\u010de slobodno kao tvoja ma\u0161ta. Sa retro dizajnom inspirisanim tr\u010danjem i mekanom Cloudfoam amortizacijom, ove juniorske adidas patike pru\u017eaju udobnost bilo da \u017euri\u0161 na \u010das ili istra\u017euje\u0161 grad. Gumirani \u0111on koji ne ostavlja trag osigurava pouzdan grip, dok kombinacija razli\u010ditih materijala u gornji\u0161tu vra\u0107a tvoj stil u sedamdesete.<br \/>Detalji:<\/p>\n<li> Cloudfoam amortizacija za udobnost tokom cijelog dana.<\/li>\n<li> Gumirani \u0111on bez tragova za stabilnost i sigurnost.<\/li>\n<li> Retro dizajn sa kombinacijom materijala za jedinstven izgled. <!--googleon: all--> <\/li>","protected":false},"excerpt":{"rendered":"<p>Pusti stopala da tr\u010de slobodno kao tvoja ma\u0161ta. Sa retro dizajnom inspirisanim tr\u010danjem i mekanom Cloudfoam amortizacijom, ove juniorske adidas patike pru\u017eaju udobnost bilo da \u017euri\u0161 na \u010das ili istra\u017euje\u0161 grad. Gumirani \u0111on koji ne ostavlja trag osigurava pouzdan grip, dok kombinacija razli\u010ditih materijala u gornji\u0161tu vra\u0107a tvoj stil u sedamdesete.Detalji: Cloudfoam amortizacija za udobnost [&hellip;]<\/p>","protected":false},"featured_media":29368,"template":"","meta":{"jetpack_post_was_ever_published":false},"product_brand":[111],"product_cat":[59],"product_tag":[],"class_list":{"0":"post-29370","1":"product","2":"type-product","3":"status-publish","4":"has-post-thumbnail","6":"product_brand-sport_reality","7":"product_cat-djecije-patike","9":"first","10":"instock","11":"sale","12":"shipping-taxable","13":"product-type-external"},"jetpack-related-posts":[],"jetpack_sharing_enabled":true,"_links":{"self":[{"href":"https:\/\/cipele.ba\/en\/wp-json\/wp\/v2\/product\/29370","targetHints":{"allow":["GET"]}}],"collection":[{"href":"https:\/\/cipele.ba\/en\/wp-json\/wp\/v2\/product"}],"about":[{"href":"https:\/\/cipele.ba\/en\/wp-json\/wp\/v2\/types\/product"}],"wp:featuredmedia":[{"embeddable":true,"href":"https:\/\/cipele.ba\/en\/wp-json\/wp\/v2\/media\/29368"}],"wp:attachment":[{"href":"https:\/\/cipele.ba\/en\/wp-json\/wp\/v2\/media?parent=29370"}],"wp:term":[{"taxonomy":"product_brand","embeddable":true,"href":"https:\/\/cipele.ba\/en\/wp-json\/wp\/v2\/product_brand?post=29370"},{"taxonomy":"product_cat","embeddable":true,"href":"https:\/\/cipele.ba\/en\/wp-json\/wp\/v2\/product_cat?post=29370"},{"taxonomy":"product_tag","embeddable":true,"href":"https:\/\/cipele.ba\/en\/wp-json\/wp\/v2\/product_tag?post=29370"}],"curies":[{"name":"wp","href":"https:\/\/api.w.org\/{rel}","templated":true}]}}