{"id":29372,"date":"2025-11-05T22:00:25","date_gmt":"2025-11-05T22:00:25","guid":{"rendered":"https:\/\/cipele.ba\/shop\/uncategorized\/adidas-tensaur-sport-2-0\/"},"modified":"2026-04-18T23:03:53","modified_gmt":"2026-04-18T23:03:53","slug":"adidas-tensaur-sport-2-0","status":"publish","type":"product","link":"https:\/\/cipele.ba\/en\/shop\/djeca\/djecije-patike\/adidas-tensaur-sport-2-0\/","title":{"rendered":"adidas Tensaur Sport 2.0"},"content":{"rendered":"<p><!--googleoff: all--> <\/p>\n<p> Vrte\u0107i se, ska\u010du\u0107i, kora\u010daju\u0107i ili sprintaju\u0107i, djeca stalno testiraju adidas Tensaur Sport 2.0 dje\u010dije uniseks patike. <\/p>\n<p> Ove klasi\u010dne patike imaju svestran dizajn koji se sla\u017ee gotovo sa svime. Gumeni \u0111on je gladak za tr\u010danje a ne ostavlja tragove na podu. Tako da su dobre kako za djecu, tako i za \u0161kolu. \u010ci\u010dak trake omogu\u0107avaju obuvanje dok su u pokretu. Gornji\u0161te ovih patika ima najmanje 50% recikliranog materijala. <\/p>\n<p> Specifikacija: <\/p>\n<li> Plitak profil <\/li>\n<li> \u010ci\u010dak traka <\/li>\n<li> Gornji\u0161te od sinteti\u010dke ko\u017ee <\/li>\n<li> Tekstilna unutra\u0161njost <\/li>\n<li> Gumeni \u0111on <!--googleon: all--> <\/li>","protected":false},"excerpt":{"rendered":"<p>Vrte\u0107i se, ska\u010du\u0107i, kora\u010daju\u0107i ili sprintaju\u0107i, djeca stalno testiraju adidas Tensaur Sport 2.0 dje\u010dije uniseks patike. Ove klasi\u010dne patike imaju svestran dizajn koji se sla\u017ee gotovo sa svime. Gumeni \u0111on je gladak za tr\u010danje a ne ostavlja tragove na podu. Tako da su dobre kako za djecu, tako i za \u0161kolu. \u010ci\u010dak trake omogu\u0107avaju obuvanje [&hellip;]<\/p>","protected":false},"featured_media":29371,"template":"","meta":{"jetpack_post_was_ever_published":false},"product_brand":[111],"product_cat":[59],"product_tag":[],"class_list":{"0":"post-29372","1":"product","2":"type-product","3":"status-publish","4":"has-post-thumbnail","6":"product_brand-sport_reality","7":"product_cat-djecije-patike","9":"first","10":"instock","11":"shipping-taxable","12":"product-type-external"},"jetpack-related-posts":[],"jetpack_sharing_enabled":true,"_links":{"self":[{"href":"https:\/\/cipele.ba\/en\/wp-json\/wp\/v2\/product\/29372","targetHints":{"allow":["GET"]}}],"collection":[{"href":"https:\/\/cipele.ba\/en\/wp-json\/wp\/v2\/product"}],"about":[{"href":"https:\/\/cipele.ba\/en\/wp-json\/wp\/v2\/types\/product"}],"wp:featuredmedia":[{"embeddable":true,"href":"https:\/\/cipele.ba\/en\/wp-json\/wp\/v2\/media\/29371"}],"wp:attachment":[{"href":"https:\/\/cipele.ba\/en\/wp-json\/wp\/v2\/media?parent=29372"}],"wp:term":[{"taxonomy":"product_brand","embeddable":true,"href":"https:\/\/cipele.ba\/en\/wp-json\/wp\/v2\/product_brand?post=29372"},{"taxonomy":"product_cat","embeddable":true,"href":"https:\/\/cipele.ba\/en\/wp-json\/wp\/v2\/product_cat?post=29372"},{"taxonomy":"product_tag","embeddable":true,"href":"https:\/\/cipele.ba\/en\/wp-json\/wp\/v2\/product_tag?post=29372"}],"curies":[{"name":"wp","href":"https:\/\/api.w.org\/{rel}","templated":true}]}}