{"id":29375,"date":"2025-11-05T22:00:27","date_gmt":"2025-11-05T22:00:27","guid":{"rendered":"https:\/\/cipele.ba\/shop\/uncategorized\/adidas-tensaur-run-3-0-5\/"},"modified":"2026-04-19T00:41:58","modified_gmt":"2026-04-19T00:41:58","slug":"adidas-tensaur-run-3-0-5","status":"publish","type":"product","link":"https:\/\/cipele.ba\/en\/shop\/djeca\/djecije-patike\/adidas-tensaur-run-3-0-5\/","title":{"rendered":"adidas Tensaur Run 3.0"},"content":{"rendered":"<p><!--googleoff: all--> <\/p>\n<p>adidas Tensaur Run 3.0 dje\u010dije patike pru\u017eaju savr\u0161en spoj udobnosti i prakti\u010dnosti. Lagane i mekane, dizajnirane su za lako obuvanje zahvaljuju\u0107i kombinaciji \u010di\u010dak traka i elasti\u010dnih gumenih pertli. Idealne su za svakodnevne aktivnosti i igru.<br \/>Detalji:<\/p>\n<li> Udobnost: Mekani materijali i lagana konstrukcija za maksimalnu udobnost.<\/li>\n<li> Prakti\u010dnost: \u010ci\u010dak trake i gumene pertle omogu\u0107avaju brzo i jednostavno obuvanje.<\/li>\n<li> Stil: Moderan sportski dizajn koji se lako uklapa u dje\u010diji outfit. <!--googleon: all--> <\/li>","protected":false},"excerpt":{"rendered":"<p>adidas Tensaur Run 3.0 dje\u010dije patike pru\u017eaju savr\u0161en spoj udobnosti i prakti\u010dnosti. Lagane i mekane, dizajnirane su za lako obuvanje zahvaljuju\u0107i kombinaciji \u010di\u010dak traka i elasti\u010dnih gumenih pertli. Idealne su za svakodnevne aktivnosti i igru.Detalji: Udobnost: Mekani materijali i lagana konstrukcija za maksimalnu udobnost. Prakti\u010dnost: \u010ci\u010dak trake i gumene pertle omogu\u0107avaju brzo i jednostavno obuvanje. [&hellip;]<\/p>","protected":false},"featured_media":29373,"template":"","meta":{"jetpack_post_was_ever_published":false},"product_brand":[111],"product_cat":[59],"product_tag":[],"class_list":{"0":"post-29375","1":"product","2":"type-product","3":"status-publish","4":"has-post-thumbnail","6":"product_brand-sport_reality","7":"product_cat-djecije-patike","9":"first","10":"instock","11":"sale","12":"shipping-taxable","13":"product-type-external"},"jetpack-related-posts":[],"jetpack_sharing_enabled":true,"_links":{"self":[{"href":"https:\/\/cipele.ba\/en\/wp-json\/wp\/v2\/product\/29375","targetHints":{"allow":["GET"]}}],"collection":[{"href":"https:\/\/cipele.ba\/en\/wp-json\/wp\/v2\/product"}],"about":[{"href":"https:\/\/cipele.ba\/en\/wp-json\/wp\/v2\/types\/product"}],"wp:featuredmedia":[{"embeddable":true,"href":"https:\/\/cipele.ba\/en\/wp-json\/wp\/v2\/media\/29373"}],"wp:attachment":[{"href":"https:\/\/cipele.ba\/en\/wp-json\/wp\/v2\/media?parent=29375"}],"wp:term":[{"taxonomy":"product_brand","embeddable":true,"href":"https:\/\/cipele.ba\/en\/wp-json\/wp\/v2\/product_brand?post=29375"},{"taxonomy":"product_cat","embeddable":true,"href":"https:\/\/cipele.ba\/en\/wp-json\/wp\/v2\/product_cat?post=29375"},{"taxonomy":"product_tag","embeddable":true,"href":"https:\/\/cipele.ba\/en\/wp-json\/wp\/v2\/product_tag?post=29375"}],"curies":[{"name":"wp","href":"https:\/\/api.w.org\/{rel}","templated":true}]}}