{"id":29382,"date":"2025-11-05T22:00:33","date_gmt":"2025-11-05T22:00:33","guid":{"rendered":"https:\/\/cipele.ba\/shop\/uncategorized\/adidas-tensaur-sport-2-0-2\/"},"modified":"2026-04-19T01:22:21","modified_gmt":"2026-04-19T01:22:21","slug":"adidas-tensaur-sport-2-0-2","status":"publish","type":"product","link":"https:\/\/cipele.ba\/en\/shop\/djeca\/djecije-patike\/adidas-tensaur-sport-2-0-2\/","title":{"rendered":"adidas Tensaur Sport 2.0"},"content":{"rendered":"<p><!--googleoff: all--> <\/p>\n<p> Mali\u0161ani obo\u017eavaju istra\u017eivanje svih povr\u0161ina \u2013 od paperjastog tepiha do cvijetnih leja a njihov idealni saveznik u tome su adidas Tensaur Sport 2.0 de\u010dije uniseks patike za bebe i malu djecu. <\/p>\n<p> Ove \u010dvrste patike imaju \u010di\u010dak trake, kako bi se olak\u0161alo obuvanje i izuvanje malih stopala. Gumeni \u0111on je gladak za tr\u010danje a ne ostavlja tragove na podu. Gornji\u0161te ovih patika ima najmanje 50% recikliranog materijala. <\/p>\n<p> Specifikacija: <\/p>\n<li> Plitak profil <\/li>\n<li> \u010ci\u010dak trake <\/li>\n<li> Gornji\u0161te od sinteti\u010dke ko\u017ee <\/li>\n<li> Tekstilna unutra\u0161njost <\/li>\n<li> Gumeni \u0111on <!--googleon: all--> <\/li>","protected":false},"excerpt":{"rendered":"<p>Mali\u0161ani obo\u017eavaju istra\u017eivanje svih povr\u0161ina \u2013 od paperjastog tepiha do cvijetnih leja a njihov idealni saveznik u tome su adidas Tensaur Sport 2.0 de\u010dije uniseks patike za bebe i malu djecu. Ove \u010dvrste patike imaju \u010di\u010dak trake, kako bi se olak\u0161alo obuvanje i izuvanje malih stopala. Gumeni \u0111on je gladak za tr\u010danje a ne ostavlja [&hellip;]<\/p>","protected":false},"featured_media":29380,"template":"","meta":{"jetpack_post_was_ever_published":false},"product_brand":[111],"product_cat":[59],"product_tag":[],"class_list":{"0":"post-29382","1":"product","2":"type-product","3":"status-publish","4":"has-post-thumbnail","6":"product_brand-sport_reality","7":"product_cat-djecije-patike","9":"first","10":"instock","11":"sale","12":"shipping-taxable","13":"product-type-external"},"jetpack-related-posts":[],"jetpack_sharing_enabled":true,"_links":{"self":[{"href":"https:\/\/cipele.ba\/en\/wp-json\/wp\/v2\/product\/29382","targetHints":{"allow":["GET"]}}],"collection":[{"href":"https:\/\/cipele.ba\/en\/wp-json\/wp\/v2\/product"}],"about":[{"href":"https:\/\/cipele.ba\/en\/wp-json\/wp\/v2\/types\/product"}],"wp:featuredmedia":[{"embeddable":true,"href":"https:\/\/cipele.ba\/en\/wp-json\/wp\/v2\/media\/29380"}],"wp:attachment":[{"href":"https:\/\/cipele.ba\/en\/wp-json\/wp\/v2\/media?parent=29382"}],"wp:term":[{"taxonomy":"product_brand","embeddable":true,"href":"https:\/\/cipele.ba\/en\/wp-json\/wp\/v2\/product_brand?post=29382"},{"taxonomy":"product_cat","embeddable":true,"href":"https:\/\/cipele.ba\/en\/wp-json\/wp\/v2\/product_cat?post=29382"},{"taxonomy":"product_tag","embeddable":true,"href":"https:\/\/cipele.ba\/en\/wp-json\/wp\/v2\/product_tag?post=29382"}],"curies":[{"name":"wp","href":"https:\/\/api.w.org\/{rel}","templated":true}]}}