{"id":29386,"date":"2025-11-05T22:00:36","date_gmt":"2025-11-05T22:00:36","guid":{"rendered":"https:\/\/cipele.ba\/shop\/uncategorized\/adidas-vl-court-3-0-3\/"},"modified":"2026-04-19T01:04:31","modified_gmt":"2026-04-19T01:04:31","slug":"adidas-vl-court-3-0-3","status":"publish","type":"product","link":"https:\/\/cipele.ba\/en\/shop\/djeca\/djecije-patike\/adidas-vl-court-3-0-3\/","title":{"rendered":"adidas VL Court 3.0"},"content":{"rendered":"<p><!--googleoff: all--> <\/p>\n<p>Kada nema vremena za promjenu odjevnih kombinacija, pametne patike su neophodne. Napravljene od mekane bru\u0161ene ko\u017ee, ove dje\u010dije adidas patike vode mali\u0161ane od igre do ve\u010dere bez kompromisa po pitanju udobnosti. Lagano amortizovanje pru\u017ea podr\u0161ku tamo gdje je potrebna, dok vulkanizovani gumeni \u0111on nudi \u010dvrstinu i fleksibilnost.<br \/>Detalji:<\/p>\n<li> Mekana bru\u0161ena ko\u017ea za premium izgled i udobnost.<\/li>\n<li> Lagano amortizovanje koje obezbje\u0111uje podr\u0161ku pri svakom koraku.<\/li>\n<li> Vulkanizovani gumeni \u0111on za izdr\u017eljivost i fleksibilnost. <!--googleon: all--> <\/li>","protected":false},"excerpt":{"rendered":"<p>Kada nema vremena za promjenu odjevnih kombinacija, pametne patike su neophodne. Napravljene od mekane bru\u0161ene ko\u017ee, ove dje\u010dije adidas patike vode mali\u0161ane od igre do ve\u010dere bez kompromisa po pitanju udobnosti. Lagano amortizovanje pru\u017ea podr\u0161ku tamo gdje je potrebna, dok vulkanizovani gumeni \u0111on nudi \u010dvrstinu i fleksibilnost.Detalji: Mekana bru\u0161ena ko\u017ea za premium izgled i udobnost. [&hellip;]<\/p>","protected":false},"featured_media":29383,"template":"","meta":{"jetpack_post_was_ever_published":false},"product_brand":[111],"product_cat":[59],"product_tag":[],"class_list":{"0":"post-29386","1":"product","2":"type-product","3":"status-publish","4":"has-post-thumbnail","6":"product_brand-sport_reality","7":"product_cat-djecije-patike","9":"first","10":"instock","11":"shipping-taxable","12":"product-type-external"},"jetpack-related-posts":[],"jetpack_sharing_enabled":true,"_links":{"self":[{"href":"https:\/\/cipele.ba\/en\/wp-json\/wp\/v2\/product\/29386","targetHints":{"allow":["GET"]}}],"collection":[{"href":"https:\/\/cipele.ba\/en\/wp-json\/wp\/v2\/product"}],"about":[{"href":"https:\/\/cipele.ba\/en\/wp-json\/wp\/v2\/types\/product"}],"wp:featuredmedia":[{"embeddable":true,"href":"https:\/\/cipele.ba\/en\/wp-json\/wp\/v2\/media\/29383"}],"wp:attachment":[{"href":"https:\/\/cipele.ba\/en\/wp-json\/wp\/v2\/media?parent=29386"}],"wp:term":[{"taxonomy":"product_brand","embeddable":true,"href":"https:\/\/cipele.ba\/en\/wp-json\/wp\/v2\/product_brand?post=29386"},{"taxonomy":"product_cat","embeddable":true,"href":"https:\/\/cipele.ba\/en\/wp-json\/wp\/v2\/product_cat?post=29386"},{"taxonomy":"product_tag","embeddable":true,"href":"https:\/\/cipele.ba\/en\/wp-json\/wp\/v2\/product_tag?post=29386"}],"curies":[{"name":"wp","href":"https:\/\/api.w.org\/{rel}","templated":true}]}}