{"id":29394,"date":"2025-11-05T22:00:41","date_gmt":"2025-11-05T22:00:41","guid":{"rendered":"https:\/\/cipele.ba\/shop\/uncategorized\/nike-superfly-10-club\/"},"modified":"2026-04-19T22:20:43","modified_gmt":"2026-04-19T22:20:43","slug":"nike-superfly-10-club","status":"publish","type":"product","link":"https:\/\/cipele.ba\/en\/shop\/djeca\/djecije-patike\/nike-superfly-10-club\/","title":{"rendered":"Nike Superfly 10 Club"},"content":{"rendered":"<p><!--googleoff: all--> <\/p>\n<p> Bilo da ste po\u010detnik ili samo igrate radi zabave, Nike Superfly 10 Club patike vas donose na teren bez kompromisa po pitanju kvaliteta. Model Nike Jr. Superfly 10 vam mo\u017ee pomo\u0107i da maksimalno pove\u0107ate brzinu i postignete pogodak. <\/p>\n<\/p>\n<p> <b> Detalji: <\/b> <\/p>\n<li> Sinteti\u010dka ko\u017ea u gornji\u0161tu ima male teksturisane detalje koji pru\u017eaju prianjanje za bolju kontrolu nad loptom <\/li>\n<li> Gumeni spoljni \u0111on pru\u017ea trakciju na travi <\/li>\n<li> Udobna postava oko va\u0161eg stopala pru\u017ea prirodan osje\u0107aj i \u010dvrstinu <\/li>\n<li> Za upotrebu na kra\u0107im, sinteti\u010dkim povr\u0161inama <!--googleon: all--> <\/li>","protected":false},"excerpt":{"rendered":"<p>Bilo da ste po\u010detnik ili samo igrate radi zabave, Nike Superfly 10 Club patike vas donose na teren bez kompromisa po pitanju kvaliteta. Model Nike Jr. Superfly 10 vam mo\u017ee pomo\u0107i da maksimalno pove\u0107ate brzinu i postignete pogodak. Detalji: Sinteti\u010dka ko\u017ea u gornji\u0161tu ima male teksturisane detalje koji pru\u017eaju prianjanje za bolju kontrolu nad loptom [&hellip;]<\/p>","protected":false},"featured_media":29391,"template":"","meta":{"jetpack_post_was_ever_published":false},"product_brand":[111],"product_cat":[59],"product_tag":[],"class_list":{"0":"post-29394","1":"product","2":"type-product","3":"status-publish","4":"has-post-thumbnail","6":"product_brand-sport_reality","7":"product_cat-djecije-patike","9":"first","10":"instock","11":"sale","12":"shipping-taxable","13":"product-type-external"},"jetpack-related-posts":[],"jetpack_sharing_enabled":true,"_links":{"self":[{"href":"https:\/\/cipele.ba\/en\/wp-json\/wp\/v2\/product\/29394","targetHints":{"allow":["GET"]}}],"collection":[{"href":"https:\/\/cipele.ba\/en\/wp-json\/wp\/v2\/product"}],"about":[{"href":"https:\/\/cipele.ba\/en\/wp-json\/wp\/v2\/types\/product"}],"wp:featuredmedia":[{"embeddable":true,"href":"https:\/\/cipele.ba\/en\/wp-json\/wp\/v2\/media\/29391"}],"wp:attachment":[{"href":"https:\/\/cipele.ba\/en\/wp-json\/wp\/v2\/media?parent=29394"}],"wp:term":[{"taxonomy":"product_brand","embeddable":true,"href":"https:\/\/cipele.ba\/en\/wp-json\/wp\/v2\/product_brand?post=29394"},{"taxonomy":"product_cat","embeddable":true,"href":"https:\/\/cipele.ba\/en\/wp-json\/wp\/v2\/product_cat?post=29394"},{"taxonomy":"product_tag","embeddable":true,"href":"https:\/\/cipele.ba\/en\/wp-json\/wp\/v2\/product_tag?post=29394"}],"curies":[{"name":"wp","href":"https:\/\/api.w.org\/{rel}","templated":true}]}}