{"id":29395,"date":"2025-11-05T22:00:41","date_gmt":"2025-11-05T22:00:41","guid":{"rendered":"https:\/\/cipele.ba\/shop\/uncategorized\/nike-mercurial-vapor-16-club\/"},"modified":"2026-04-19T00:40:26","modified_gmt":"2026-04-19T00:40:26","slug":"nike-mercurial-vapor-16-club","status":"publish","type":"product","link":"https:\/\/cipele.ba\/en\/shop\/djeca\/djecije-patike\/nike-mercurial-vapor-16-club\/","title":{"rendered":"Nike Mercurial Vapor 16 Club"},"content":{"rendered":"<p><!--googleoff: all--> <\/p>\n<p> Bilo da ste po\u010detnik ili samo igrate radi zabave, Nike Jr. Mercurial Vapor 16 Club dje\u010dije TF Low-Top patike za fudbal vas dovode na teren bez kompromisa po pitanju kvaliteta. <\/p>\n<\/p>\n<p> <b> DETALJI <\/b> <\/p>\n<li> Sinteti\u010dka ko\u017ea u gornji\u0161tu pru\u017ea prianjanje za bolju kontrolu nad loptom <\/li>\n<li> Gumeni spoljni \u0111on pru\u017ea trakciju na povr\u0161inama terena <\/li>\n<li> Udobna postava obavija va\u0161e stopalo za prirodan osje\u0107aj <\/li>\n<li> Klasi\u010dne pertle <!--googleon: all--> <\/li>","protected":false},"excerpt":{"rendered":"<p>Bilo da ste po\u010detnik ili samo igrate radi zabave, Nike Jr. Mercurial Vapor 16 Club dje\u010dije TF Low-Top patike za fudbal vas dovode na teren bez kompromisa po pitanju kvaliteta. DETALJI Sinteti\u010dka ko\u017ea u gornji\u0161tu pru\u017ea prianjanje za bolju kontrolu nad loptom Gumeni spoljni \u0111on pru\u017ea trakciju na povr\u0161inama terena Udobna postava obavija va\u0161e stopalo [&hellip;]<\/p>","protected":false},"featured_media":29393,"template":"","meta":{"jetpack_post_was_ever_published":false},"product_brand":[111],"product_cat":[59],"product_tag":[],"class_list":{"0":"post-29395","1":"product","2":"type-product","3":"status-publish","4":"has-post-thumbnail","6":"product_brand-sport_reality","7":"product_cat-djecije-patike","9":"first","10":"instock","11":"sale","12":"shipping-taxable","13":"product-type-external"},"jetpack-related-posts":[],"jetpack_sharing_enabled":true,"_links":{"self":[{"href":"https:\/\/cipele.ba\/en\/wp-json\/wp\/v2\/product\/29395","targetHints":{"allow":["GET"]}}],"collection":[{"href":"https:\/\/cipele.ba\/en\/wp-json\/wp\/v2\/product"}],"about":[{"href":"https:\/\/cipele.ba\/en\/wp-json\/wp\/v2\/types\/product"}],"wp:featuredmedia":[{"embeddable":true,"href":"https:\/\/cipele.ba\/en\/wp-json\/wp\/v2\/media\/29393"}],"wp:attachment":[{"href":"https:\/\/cipele.ba\/en\/wp-json\/wp\/v2\/media?parent=29395"}],"wp:term":[{"taxonomy":"product_brand","embeddable":true,"href":"https:\/\/cipele.ba\/en\/wp-json\/wp\/v2\/product_brand?post=29395"},{"taxonomy":"product_cat","embeddable":true,"href":"https:\/\/cipele.ba\/en\/wp-json\/wp\/v2\/product_cat?post=29395"},{"taxonomy":"product_tag","embeddable":true,"href":"https:\/\/cipele.ba\/en\/wp-json\/wp\/v2\/product_tag?post=29395"}],"curies":[{"name":"wp","href":"https:\/\/api.w.org\/{rel}","templated":true}]}}