{"id":30270,"date":"2025-11-06T11:19:10","date_gmt":"2025-11-06T11:19:10","guid":{"rendered":"https:\/\/cipele.ba\/shop\/uncategorized\/adidas-terrex-skychaser-ax5-3\/"},"modified":"2026-04-20T20:51:12","modified_gmt":"2026-04-20T20:51:12","slug":"adidas-terrex-skychaser-ax5-3","status":"publish","type":"product","link":"https:\/\/cipele.ba\/en\/shop\/muskarci\/muske-patike\/adidas-terrex-skychaser-ax5-3\/","title":{"rendered":"adidas Terrex Skychaser AX5"},"content":{"rendered":"<p><!--googleoff: all--> <\/p>\n<p> Ove adidas Terrex Skychaser AX5 Gore-tex mu\u0161ke patike za hajking dizajnirane su za brzo kretanje na tehni\u010dkom terenu. <\/p>\n<\/p>\n<p> <b> Detalji <\/b> <\/p>\n<li> Vodootporna, prozra\u010dna GORE-TEX membrana blokira vla\u017ene uslove i istovremeno omogu\u0107ava va\u0161im stopalima da di\u0161u <\/li>\n<li> Vodootporne patike za hajking za tehni\u010dki teren <\/li>\n<li> Lagani EVA srednji \u0111on pru\u017ea amortizaciju i fleksibilnost za vrhunsku udobnost <\/li>\n<li> Jezik s oja\u010danjima kako bi se izbegao prodor vode i blata <\/li>\n<li> Gornji\u0161te od Continental\u2122 gume za vrhunsku trakciju u vla\u017enim i suvim uslovima <\/li>\n<li> OrthoLite ulo\u017eak pru\u017ea dugotrajnu amortizaciju s antimikrobnom za\u0161titom <\/li>\n<li> adidas Lightmotion srednji \u0111on pru\u017ea savr\u0161eno laganu amortizaciju za kretanje i brzinu vi\u0161eg nivoa <\/li>\n<li> Uobi\u010dajeni kroj <\/li>\n<li> Pertlanje <\/li>\n<li> Gornji\u0161te od ripstopa s preklopima za dodatnu potporu <\/li>\n<li> Te\u017eina: 430,1 grama (UK veli\u010dina 8,5) <\/li>\n<li> Pad srednjeg \u0111ona: 12 mm (peta: 32 mm \/ prsti: 20 mm) <!--googleon: all--> <\/li>","protected":false},"excerpt":{"rendered":"<p>Ove adidas Terrex Skychaser AX5 Gore-tex mu\u0161ke patike za hajking dizajnirane su za brzo kretanje na tehni\u010dkom terenu. Detalji Vodootporna, prozra\u010dna GORE-TEX membrana blokira vla\u017ene uslove i istovremeno omogu\u0107ava va\u0161im stopalima da di\u0161u Vodootporne patike za hajking za tehni\u010dki teren Lagani EVA srednji \u0111on pru\u017ea amortizaciju i fleksibilnost za vrhunsku udobnost Jezik s oja\u010danjima kako [&hellip;]<\/p>","protected":false},"featured_media":30267,"template":"","meta":{"jetpack_post_was_ever_published":false},"product_brand":[111],"product_cat":[67],"product_tag":[],"class_list":{"0":"post-30270","1":"product","2":"type-product","3":"status-publish","4":"has-post-thumbnail","6":"product_brand-sport_reality","7":"product_cat-muske-patike","9":"first","10":"instock","11":"sale","12":"shipping-taxable","13":"product-type-external"},"jetpack-related-posts":[],"jetpack_sharing_enabled":true,"_links":{"self":[{"href":"https:\/\/cipele.ba\/en\/wp-json\/wp\/v2\/product\/30270","targetHints":{"allow":["GET"]}}],"collection":[{"href":"https:\/\/cipele.ba\/en\/wp-json\/wp\/v2\/product"}],"about":[{"href":"https:\/\/cipele.ba\/en\/wp-json\/wp\/v2\/types\/product"}],"wp:featuredmedia":[{"embeddable":true,"href":"https:\/\/cipele.ba\/en\/wp-json\/wp\/v2\/media\/30267"}],"wp:attachment":[{"href":"https:\/\/cipele.ba\/en\/wp-json\/wp\/v2\/media?parent=30270"}],"wp:term":[{"taxonomy":"product_brand","embeddable":true,"href":"https:\/\/cipele.ba\/en\/wp-json\/wp\/v2\/product_brand?post=30270"},{"taxonomy":"product_cat","embeddable":true,"href":"https:\/\/cipele.ba\/en\/wp-json\/wp\/v2\/product_cat?post=30270"},{"taxonomy":"product_tag","embeddable":true,"href":"https:\/\/cipele.ba\/en\/wp-json\/wp\/v2\/product_tag?post=30270"}],"curies":[{"name":"wp","href":"https:\/\/api.w.org\/{rel}","templated":true}]}}