{"id":30275,"date":"2025-11-06T11:19:13","date_gmt":"2025-11-06T11:19:13","guid":{"rendered":"https:\/\/cipele.ba\/shop\/uncategorized\/skechers-skech-air-envoy\/"},"modified":"2026-04-19T01:18:07","modified_gmt":"2026-04-19T01:18:07","slug":"skechers-skech-air-envoy","status":"publish","type":"product","link":"https:\/\/cipele.ba\/en\/shop\/muskarci\/muske-patike\/skechers-skech-air-envoy\/","title":{"rendered":"Skechers Skech-Air Envoy"},"content":{"rendered":"<p><!--googleoff: all--> <\/p>\n<p> Skechers Skech-Air Envoy mu\u0161ka outdoor cipela ima robusni dizajn, sa maslinastim tonovima koji joj daju prepoznatljiv i atraktivan karakter za one koji tra\u017ee ne\u0161to druga\u010dije od standardne crne. <\/p>\n<\/p>\n<p> <b> Detalji <\/b> <\/p>\n<li> Le\u017eerni sportski \/ urbani outdoor stil <\/li>\n<li> Gornji materijal: Kombinacija ko\u017ee, sinteti\u010dkog materijala i tekstila (mre\u017eica) \u2014 sa vodootpornim\/vodoodbojnim tretmanom <\/li>\n<li> Ulo\u017eak: Air-Cooled Memory Foam\u00ae za meko\u0107u, podr\u0161ku i ventilaciju <\/li>\n<li> Srednji \u0111on: Skech-Air\u00ae sa vidljivom vazdu\u0161nom komorom za responzivno ubla\u017eavanje <\/li>\n<li> \u0110on: Goodyear\u00ae guma za prianjanje, stabilnost i izdr\u017eljivost na razli\u010ditim povr\u0161inama <\/li>\n<li> Vodoodbojni tretman \u0161titi od prskanja ili lagane ki\u0161e <\/li>\n<li> Namjena: Urbano hodanje, lagano planinarenje, svakodnevna upotreba sa le\u017eernim sportskim stilom <\/li>\n<li> Inherentne prednosti: Lako\u0107a, udobnost, podr\u0161ka, prilagodljivost razli\u010ditim vrstama terena <\/li>\n<li> Robusna konstrukcija sa fokusom na izdr\u017eljivost i funkcionalnost <!--googleon: all--> <\/li>","protected":false},"excerpt":{"rendered":"<p>Skechers Skech-Air Envoy mu\u0161ka outdoor cipela ima robusni dizajn, sa maslinastim tonovima koji joj daju prepoznatljiv i atraktivan karakter za one koji tra\u017ee ne\u0161to druga\u010dije od standardne crne. Detalji Le\u017eerni sportski \/ urbani outdoor stil Gornji materijal: Kombinacija ko\u017ee, sinteti\u010dkog materijala i tekstila (mre\u017eica) \u2014 sa vodootpornim\/vodoodbojnim tretmanom Ulo\u017eak: Air-Cooled Memory Foam\u00ae za meko\u0107u, podr\u0161ku [&hellip;]<\/p>","protected":false},"featured_media":30271,"template":"","meta":{"jetpack_post_was_ever_published":false},"product_brand":[111],"product_cat":[67],"product_tag":[],"class_list":{"0":"post-30275","1":"product","2":"type-product","3":"status-publish","4":"has-post-thumbnail","6":"product_brand-sport_reality","7":"product_cat-muske-patike","9":"first","10":"instock","11":"sale","12":"shipping-taxable","13":"product-type-external"},"jetpack-related-posts":[],"jetpack_sharing_enabled":true,"_links":{"self":[{"href":"https:\/\/cipele.ba\/en\/wp-json\/wp\/v2\/product\/30275","targetHints":{"allow":["GET"]}}],"collection":[{"href":"https:\/\/cipele.ba\/en\/wp-json\/wp\/v2\/product"}],"about":[{"href":"https:\/\/cipele.ba\/en\/wp-json\/wp\/v2\/types\/product"}],"wp:featuredmedia":[{"embeddable":true,"href":"https:\/\/cipele.ba\/en\/wp-json\/wp\/v2\/media\/30271"}],"wp:attachment":[{"href":"https:\/\/cipele.ba\/en\/wp-json\/wp\/v2\/media?parent=30275"}],"wp:term":[{"taxonomy":"product_brand","embeddable":true,"href":"https:\/\/cipele.ba\/en\/wp-json\/wp\/v2\/product_brand?post=30275"},{"taxonomy":"product_cat","embeddable":true,"href":"https:\/\/cipele.ba\/en\/wp-json\/wp\/v2\/product_cat?post=30275"},{"taxonomy":"product_tag","embeddable":true,"href":"https:\/\/cipele.ba\/en\/wp-json\/wp\/v2\/product_tag?post=30275"}],"curies":[{"name":"wp","href":"https:\/\/api.w.org\/{rel}","templated":true}]}}