{"id":30292,"date":"2025-11-06T11:19:20","date_gmt":"2025-11-06T11:19:20","guid":{"rendered":"https:\/\/cipele.ba\/shop\/uncategorized\/adidas-terrex-skychaser-ax5-4\/"},"modified":"2026-04-21T17:03:44","modified_gmt":"2026-04-21T17:03:44","slug":"adidas-terrex-skychaser-ax5-4","status":"publish","type":"product","link":"https:\/\/cipele.ba\/en\/shop\/muskarci\/muske-patike\/adidas-terrex-skychaser-ax5-4\/","title":{"rendered":"adidas Terrex Skychaser AX5"},"content":{"rendered":"<p><!--googleoff: all--> <\/p>\n<p>Mu\u0161ke adidas Terrex Skychaser AX5 patike za hajking kombinuju potporu i za\u0161titu i dizajnirane su za razli\u010dite terene pod svim vremenskim uslovima.<\/p>\n<\/p>\n<p> <b>Detalji<\/b> <\/p>\n<li>Uobi\u010dajeni kroj s pertlama <\/li>\n<li>Gornji\u0161te od ripstop materijala sa sinteti\u010dkim preklopima <\/li>\n<li>GORE-TEX membrana za vodootpornu, prozra\u010dnu za\u0161titu <\/li>\n<li>Tekstilna postava <\/li>\n<li>LIGHTMOTION EVA srednji \u0111on amortizuje svaki korak<\/li>\n<li>Gornji\u0161te od Continental\u2122 gume za \u010dvrsto prianjanje u vla\u017enim i suvim uslovima <\/li>\n<li>Jezik s oja\u010danjima poma\u017ee u blokiranju prodora vode i otpada\n<\/p>\n<p> <b>Eco story<\/b> <\/li>\n<li>Proizvedeno djelimi\u010dno od recikliranih materijala kako bi se doprinelo smanjivanju uticaja na \u017eivotnu sredinu. <!--googleon: all--> <\/li>","protected":false},"excerpt":{"rendered":"<p>Mu\u0161ke adidas Terrex Skychaser AX5 patike za hajking kombinuju potporu i za\u0161titu i dizajnirane su za razli\u010dite terene pod svim vremenskim uslovima. Detalji Uobi\u010dajeni kroj s pertlama Gornji\u0161te od ripstop materijala sa sinteti\u010dkim preklopima GORE-TEX membrana za vodootpornu, prozra\u010dnu za\u0161titu Tekstilna postava LIGHTMOTION EVA srednji \u0111on amortizuje svaki korak Gornji\u0161te od Continental\u2122 gume za \u010dvrsto [&hellip;]<\/p>","protected":false},"featured_media":30288,"template":"","meta":{"jetpack_post_was_ever_published":false},"product_brand":[111],"product_cat":[67],"product_tag":[],"class_list":{"0":"post-30292","1":"product","2":"type-product","3":"status-publish","4":"has-post-thumbnail","6":"product_brand-sport_reality","7":"product_cat-muske-patike","9":"first","10":"instock","11":"shipping-taxable","12":"product-type-external"},"jetpack-related-posts":[],"jetpack_sharing_enabled":true,"_links":{"self":[{"href":"https:\/\/cipele.ba\/en\/wp-json\/wp\/v2\/product\/30292","targetHints":{"allow":["GET"]}}],"collection":[{"href":"https:\/\/cipele.ba\/en\/wp-json\/wp\/v2\/product"}],"about":[{"href":"https:\/\/cipele.ba\/en\/wp-json\/wp\/v2\/types\/product"}],"wp:featuredmedia":[{"embeddable":true,"href":"https:\/\/cipele.ba\/en\/wp-json\/wp\/v2\/media\/30288"}],"wp:attachment":[{"href":"https:\/\/cipele.ba\/en\/wp-json\/wp\/v2\/media?parent=30292"}],"wp:term":[{"taxonomy":"product_brand","embeddable":true,"href":"https:\/\/cipele.ba\/en\/wp-json\/wp\/v2\/product_brand?post=30292"},{"taxonomy":"product_cat","embeddable":true,"href":"https:\/\/cipele.ba\/en\/wp-json\/wp\/v2\/product_cat?post=30292"},{"taxonomy":"product_tag","embeddable":true,"href":"https:\/\/cipele.ba\/en\/wp-json\/wp\/v2\/product_tag?post=30292"}],"curies":[{"name":"wp","href":"https:\/\/api.w.org\/{rel}","templated":true}]}}