{"id":30300,"date":"2025-11-06T11:19:25","date_gmt":"2025-11-06T11:19:25","guid":{"rendered":"https:\/\/cipele.ba\/shop\/uncategorized\/adidas-run-60s-4-0-3\/"},"modified":"2026-04-18T22:34:59","modified_gmt":"2026-04-18T22:34:59","slug":"adidas-run-60s-4-0-3","status":"publish","type":"product","link":"https:\/\/cipele.ba\/en\/shop\/muskarci\/muske-patike\/adidas-run-60s-4-0-3\/","title":{"rendered":"adidas Run 60s 4.0"},"content":{"rendered":"<p><!--googleoff: all--> <\/p>\n<p> Inspirisane patikama za tr\u010danje iz \u0161ezdesetih s dodatnim detaljima stila osamdesetih, ove adidas Run 60s 4.0 mu\u0161ke patike za tr\u010danje su spremne za pokret. <\/p>\n<\/p>\n<p> <b> Detalji <\/b> <\/p>\n<li> Udobne patike inspirisane modelima za tr\u010danje iz \u0161ezdesetih sa \u0161mekom osamdesetih <\/li>\n<li> Uobi\u010dajeni kroj <\/li>\n<li> Pertlanje <\/li>\n<li> Tekstilna postava <\/li>\n<li> EVA srednji \u0111on i gumeni spoljni \u0111on pru\u017eaju amortizaciju i trakciju svakim korakom <\/li>\n<li> Gornji\u0161te od ko\u017ee i tekstila <\/li>\n<li> Logotip 3 pruge <!--googleon: all--> <\/li>","protected":false},"excerpt":{"rendered":"<p>Inspirisane patikama za tr\u010danje iz \u0161ezdesetih s dodatnim detaljima stila osamdesetih, ove adidas Run 60s 4.0 mu\u0161ke patike za tr\u010danje su spremne za pokret. Detalji Udobne patike inspirisane modelima za tr\u010danje iz \u0161ezdesetih sa \u0161mekom osamdesetih Uobi\u010dajeni kroj Pertlanje Tekstilna postava EVA srednji \u0111on i gumeni spoljni \u0111on pru\u017eaju amortizaciju i trakciju svakim korakom Gornji\u0161te [&hellip;]<\/p>","protected":false},"featured_media":30298,"template":"","meta":{"jetpack_post_was_ever_published":false},"product_brand":[111],"product_cat":[67],"product_tag":[],"class_list":{"0":"post-30300","1":"product","2":"type-product","3":"status-publish","4":"has-post-thumbnail","6":"product_brand-sport_reality","7":"product_cat-muske-patike","9":"first","10":"instock","11":"shipping-taxable","12":"product-type-external"},"jetpack-related-posts":[],"jetpack_sharing_enabled":true,"_links":{"self":[{"href":"https:\/\/cipele.ba\/en\/wp-json\/wp\/v2\/product\/30300","targetHints":{"allow":["GET"]}}],"collection":[{"href":"https:\/\/cipele.ba\/en\/wp-json\/wp\/v2\/product"}],"about":[{"href":"https:\/\/cipele.ba\/en\/wp-json\/wp\/v2\/types\/product"}],"wp:featuredmedia":[{"embeddable":true,"href":"https:\/\/cipele.ba\/en\/wp-json\/wp\/v2\/media\/30298"}],"wp:attachment":[{"href":"https:\/\/cipele.ba\/en\/wp-json\/wp\/v2\/media?parent=30300"}],"wp:term":[{"taxonomy":"product_brand","embeddable":true,"href":"https:\/\/cipele.ba\/en\/wp-json\/wp\/v2\/product_brand?post=30300"},{"taxonomy":"product_cat","embeddable":true,"href":"https:\/\/cipele.ba\/en\/wp-json\/wp\/v2\/product_cat?post=30300"},{"taxonomy":"product_tag","embeddable":true,"href":"https:\/\/cipele.ba\/en\/wp-json\/wp\/v2\/product_tag?post=30300"}],"curies":[{"name":"wp","href":"https:\/\/api.w.org\/{rel}","templated":true}]}}