{"id":30304,"date":"2025-11-06T11:19:26","date_gmt":"2025-11-06T11:19:26","guid":{"rendered":"https:\/\/cipele.ba\/shop\/uncategorized\/adidas-run-60s-4-0-4\/"},"modified":"2026-04-18T22:34:43","modified_gmt":"2026-04-18T22:34:43","slug":"adidas-run-60s-4-0-4","status":"publish","type":"product","link":"https:\/\/cipele.ba\/en\/shop\/muskarci\/muske-patike\/adidas-run-60s-4-0-4\/","title":{"rendered":"adidas Run 60s 4.0"},"content":{"rendered":"<p><!--googleoff: all--> <\/p>\n<p> Inspirisane trka\u010dima iz &#8216;60-ih s dodatkom stila iz &#8216;80-ih, ove adidas Run 60s 4.0 mu\u0161ke patike za tr\u010danje spremne su da vas pokre\u0107u. <\/p>\n<\/p>\n<p> <b> Detalji <\/b> <\/p>\n<li> Udobne patike inspirisane trka\u010dima iz 60-ih s dozom stila iz 80-ih <\/li>\n<li> Regularan kroj <\/li>\n<li> Vezanje pertlama <\/li>\n<li> Tekstilna postava <\/li>\n<li> EVA srednji \u0111on i gumeni \u0111on pru\u017eaju amortizaciju i prianjanje pri svakom koraku <\/li>\n<li> Gornji\u0161te od ko\u017ee i tekstila <\/li>\n<li> Logo s 3 pruge <!--googleon: all--> <\/li>","protected":false},"excerpt":{"rendered":"<p>Inspirisane trka\u010dima iz &#8216;60-ih s dodatkom stila iz &#8216;80-ih, ove adidas Run 60s 4.0 mu\u0161ke patike za tr\u010danje spremne su da vas pokre\u0107u. Detalji Udobne patike inspirisane trka\u010dima iz 60-ih s dozom stila iz 80-ih Regularan kroj Vezanje pertlama Tekstilna postava EVA srednji \u0111on i gumeni \u0111on pru\u017eaju amortizaciju i prianjanje pri svakom koraku Gornji\u0161te [&hellip;]<\/p>","protected":false},"featured_media":30302,"template":"","meta":{"jetpack_post_was_ever_published":false},"product_brand":[111],"product_cat":[67],"product_tag":[],"class_list":{"0":"post-30304","1":"product","2":"type-product","3":"status-publish","4":"has-post-thumbnail","6":"product_brand-sport_reality","7":"product_cat-muske-patike","9":"first","10":"instock","11":"sale","12":"shipping-taxable","13":"product-type-external"},"jetpack-related-posts":[],"jetpack_sharing_enabled":true,"_links":{"self":[{"href":"https:\/\/cipele.ba\/en\/wp-json\/wp\/v2\/product\/30304","targetHints":{"allow":["GET"]}}],"collection":[{"href":"https:\/\/cipele.ba\/en\/wp-json\/wp\/v2\/product"}],"about":[{"href":"https:\/\/cipele.ba\/en\/wp-json\/wp\/v2\/types\/product"}],"wp:featuredmedia":[{"embeddable":true,"href":"https:\/\/cipele.ba\/en\/wp-json\/wp\/v2\/media\/30302"}],"wp:attachment":[{"href":"https:\/\/cipele.ba\/en\/wp-json\/wp\/v2\/media?parent=30304"}],"wp:term":[{"taxonomy":"product_brand","embeddable":true,"href":"https:\/\/cipele.ba\/en\/wp-json\/wp\/v2\/product_brand?post=30304"},{"taxonomy":"product_cat","embeddable":true,"href":"https:\/\/cipele.ba\/en\/wp-json\/wp\/v2\/product_cat?post=30304"},{"taxonomy":"product_tag","embeddable":true,"href":"https:\/\/cipele.ba\/en\/wp-json\/wp\/v2\/product_tag?post=30304"}],"curies":[{"name":"wp","href":"https:\/\/api.w.org\/{rel}","templated":true}]}}