{"id":30333,"date":"2025-11-06T11:19:41","date_gmt":"2025-11-06T11:19:41","guid":{"rendered":"https:\/\/cipele.ba\/shop\/uncategorized\/adidas-run-70s-2-0-5\/"},"modified":"2026-04-18T22:35:15","modified_gmt":"2026-04-18T22:35:15","slug":"adidas-run-70s-2-0-5","status":"publish","type":"product","link":"https:\/\/cipele.ba\/en\/shop\/muskarci\/muske-patike\/adidas-run-70s-2-0-5\/","title":{"rendered":"adidas Run 70s 2.0"},"content":{"rendered":"<p><!--googleoff: all--> <\/p>\n<p> O\u017eivite trka\u010dko naslije\u0111e adidas iz &#8216;70-ih s ovim mu\u0161kim patikama, koje sadr\u017ee udobni gornji dio od najlona i antilopa, plus Cloudfoam me\u0111u\u0111on za laganu, jastu\u010dastu udobnost koja traje cijeli dan. <\/p>\n<\/p>\n<p> <b> Detalji <\/b> <\/p>\n<li> Cloudfoam me\u0111u\u0111on <\/li>\n<li> Gornji dio od najlona s dijelovima od antilopa <\/li>\n<li> Gumeni \u0111on <!--googleon: all--> <\/li>","protected":false},"excerpt":{"rendered":"<p>O\u017eivite trka\u010dko naslije\u0111e adidas iz &#8216;70-ih s ovim mu\u0161kim patikama, koje sadr\u017ee udobni gornji dio od najlona i antilopa, plus Cloudfoam me\u0111u\u0111on za laganu, jastu\u010dastu udobnost koja traje cijeli dan. Detalji Cloudfoam me\u0111u\u0111on Gornji dio od najlona s dijelovima od antilopa Gumeni \u0111on<\/p>","protected":false},"featured_media":30331,"template":"","meta":{"jetpack_post_was_ever_published":false},"product_brand":[111],"product_cat":[67],"product_tag":[],"class_list":{"0":"post-30333","1":"product","2":"type-product","3":"status-publish","4":"has-post-thumbnail","6":"product_brand-sport_reality","7":"product_cat-muske-patike","9":"first","10":"instock","11":"shipping-taxable","12":"product-type-external"},"jetpack-related-posts":[],"jetpack_sharing_enabled":true,"_links":{"self":[{"href":"https:\/\/cipele.ba\/en\/wp-json\/wp\/v2\/product\/30333","targetHints":{"allow":["GET"]}}],"collection":[{"href":"https:\/\/cipele.ba\/en\/wp-json\/wp\/v2\/product"}],"about":[{"href":"https:\/\/cipele.ba\/en\/wp-json\/wp\/v2\/types\/product"}],"wp:featuredmedia":[{"embeddable":true,"href":"https:\/\/cipele.ba\/en\/wp-json\/wp\/v2\/media\/30331"}],"wp:attachment":[{"href":"https:\/\/cipele.ba\/en\/wp-json\/wp\/v2\/media?parent=30333"}],"wp:term":[{"taxonomy":"product_brand","embeddable":true,"href":"https:\/\/cipele.ba\/en\/wp-json\/wp\/v2\/product_brand?post=30333"},{"taxonomy":"product_cat","embeddable":true,"href":"https:\/\/cipele.ba\/en\/wp-json\/wp\/v2\/product_cat?post=30333"},{"taxonomy":"product_tag","embeddable":true,"href":"https:\/\/cipele.ba\/en\/wp-json\/wp\/v2\/product_tag?post=30333"}],"curies":[{"name":"wp","href":"https:\/\/api.w.org\/{rel}","templated":true}]}}