{"id":30335,"date":"2025-11-06T11:19:43","date_gmt":"2025-11-06T11:19:43","guid":{"rendered":"https:\/\/cipele.ba\/shop\/uncategorized\/adidas-terrex-anyland-2\/"},"modified":"2026-04-18T22:19:01","modified_gmt":"2026-04-18T22:19:01","slug":"adidas-terrex-anyland-2","status":"publish","type":"product","link":"https:\/\/cipele.ba\/en\/shop\/muskarci\/muske-patike\/adidas-terrex-anyland-2\/","title":{"rendered":"adidas Terrex Anyland"},"content":{"rendered":"<p><!--googleoff: all--> <\/p>\n<p> Lutajte. Tumarajte. Istra\u017eujte. Obujte ove adidas Terrex Anylander mu\u0161ke patike za hajking i istra\u017eujte planine i ravnice, vla\u017ene i suve terene. <\/p>\n<\/p>\n<p> <b> DETALJI <\/b> <\/p>\n<li> Pertlanje <\/li>\n<li> Tekstilna postava <\/li>\n<li> Traxion\u00ae spoljni \u0111on pru\u017ea dobro prianjanje, bez obzira na povr\u0161ine <\/li>\n<li> Rain.RDY tehnologija omogu\u0107ava da va\u0161a stopala ostaju suva, a oja\u010dani jezik \u0161titi va\u0161a stopala od bara, pra\u0161ine i blata <\/li>\n<li> EVA srednji \u0111on pru\u017ea udobnu, laganu amortizaciju <\/li>\n<li> Oja\u010dani vrh \u0161titi va\u0161e prste <b> ECO STORY <\/b> <\/li>\n<li> Ovaj proizvod je napravljen od 20% recikliranih materijala <!--googleon: all--> <\/li>","protected":false},"excerpt":{"rendered":"<p>Lutajte. Tumarajte. Istra\u017eujte. Obujte ove adidas Terrex Anylander mu\u0161ke patike za hajking i istra\u017eujte planine i ravnice, vla\u017ene i suve terene. DETALJI Pertlanje Tekstilna postava Traxion\u00ae spoljni \u0111on pru\u017ea dobro prianjanje, bez obzira na povr\u0161ine Rain.RDY tehnologija omogu\u0107ava da va\u0161a stopala ostaju suva, a oja\u010dani jezik \u0161titi va\u0161a stopala od bara, pra\u0161ine i blata EVA [&hellip;]<\/p>","protected":false},"featured_media":30334,"template":"","meta":{"jetpack_post_was_ever_published":false},"product_brand":[111],"product_cat":[67],"product_tag":[],"class_list":{"0":"post-30335","1":"product","2":"type-product","3":"status-publish","4":"has-post-thumbnail","6":"product_brand-sport_reality","7":"product_cat-muske-patike","9":"first","10":"instock","11":"sale","12":"shipping-taxable","13":"product-type-external"},"jetpack-related-posts":[],"jetpack_sharing_enabled":true,"_links":{"self":[{"href":"https:\/\/cipele.ba\/en\/wp-json\/wp\/v2\/product\/30335","targetHints":{"allow":["GET"]}}],"collection":[{"href":"https:\/\/cipele.ba\/en\/wp-json\/wp\/v2\/product"}],"about":[{"href":"https:\/\/cipele.ba\/en\/wp-json\/wp\/v2\/types\/product"}],"wp:featuredmedia":[{"embeddable":true,"href":"https:\/\/cipele.ba\/en\/wp-json\/wp\/v2\/media\/30334"}],"wp:attachment":[{"href":"https:\/\/cipele.ba\/en\/wp-json\/wp\/v2\/media?parent=30335"}],"wp:term":[{"taxonomy":"product_brand","embeddable":true,"href":"https:\/\/cipele.ba\/en\/wp-json\/wp\/v2\/product_brand?post=30335"},{"taxonomy":"product_cat","embeddable":true,"href":"https:\/\/cipele.ba\/en\/wp-json\/wp\/v2\/product_cat?post=30335"},{"taxonomy":"product_tag","embeddable":true,"href":"https:\/\/cipele.ba\/en\/wp-json\/wp\/v2\/product_tag?post=30335"}],"curies":[{"name":"wp","href":"https:\/\/api.w.org\/{rel}","templated":true}]}}