{"id":30339,"date":"2025-11-06T11:19:45","date_gmt":"2025-11-06T11:19:45","guid":{"rendered":"https:\/\/cipele.ba\/shop\/uncategorized\/kronos-nicholas-2\/"},"modified":"2026-04-22T06:24:12","modified_gmt":"2026-04-22T06:24:12","slug":"kronos-nicholas-2","status":"publish","type":"product","link":"https:\/\/cipele.ba\/en\/shop\/muskarci\/muske-patike\/kronos-nicholas-2\/","title":{"rendered":"Kronos NICHOLAS"},"content":{"rendered":"<p><!--googleoff: all--> <\/p>\n<p>Kronos Nicholas mu\u0161ke patike nude savremeni dizajn uz maksimalnu udobnost zahvaljuju\u0107i ulo\u0161ku sa memorijskom pjenom. Idealne za svakodnevno no\u0161enje, ovaj model pru\u017ea podr\u0161ku, fleksibilnost i stil \u2013 bilo da ste u pokretu ili tra\u017eite udobnost tokom cijelog dana.<br \/>Detalji:<\/p>\n<li> Memory foam ulo\u017eak \u2013 prilago\u0111ava se obliku stopala za osje\u0107aj lako\u0107e i rastere\u0107enje pritiska.<\/li>\n<li> Udobne i lagane \u2013 savr\u0161ene za \u0161etnju, posao ili opu\u0161tene aktivnosti.<\/li>\n<li> Svestran lifestyle dizajn \u2013 lako se kombinuju uz sportsku i casual odje\u0107u. <!--googleon: all--> <\/li>","protected":false},"excerpt":{"rendered":"<p>Kronos Nicholas mu\u0161ke patike nude savremeni dizajn uz maksimalnu udobnost zahvaljuju\u0107i ulo\u0161ku sa memorijskom pjenom. Idealne za svakodnevno no\u0161enje, ovaj model pru\u017ea podr\u0161ku, fleksibilnost i stil \u2013 bilo da ste u pokretu ili tra\u017eite udobnost tokom cijelog dana.Detalji: Memory foam ulo\u017eak \u2013 prilago\u0111ava se obliku stopala za osje\u0107aj lako\u0107e i rastere\u0107enje pritiska. Udobne i lagane [&hellip;]<\/p>","protected":false},"featured_media":30337,"template":"","meta":{"jetpack_post_was_ever_published":false},"product_brand":[111],"product_cat":[67],"product_tag":[],"class_list":{"0":"post-30339","1":"product","2":"type-product","3":"status-publish","4":"has-post-thumbnail","6":"product_brand-sport_reality","7":"product_cat-muske-patike","9":"first","10":"instock","11":"sale","12":"shipping-taxable","13":"product-type-external"},"jetpack-related-posts":[],"jetpack_sharing_enabled":true,"_links":{"self":[{"href":"https:\/\/cipele.ba\/en\/wp-json\/wp\/v2\/product\/30339","targetHints":{"allow":["GET"]}}],"collection":[{"href":"https:\/\/cipele.ba\/en\/wp-json\/wp\/v2\/product"}],"about":[{"href":"https:\/\/cipele.ba\/en\/wp-json\/wp\/v2\/types\/product"}],"wp:featuredmedia":[{"embeddable":true,"href":"https:\/\/cipele.ba\/en\/wp-json\/wp\/v2\/media\/30337"}],"wp:attachment":[{"href":"https:\/\/cipele.ba\/en\/wp-json\/wp\/v2\/media?parent=30339"}],"wp:term":[{"taxonomy":"product_brand","embeddable":true,"href":"https:\/\/cipele.ba\/en\/wp-json\/wp\/v2\/product_brand?post=30339"},{"taxonomy":"product_cat","embeddable":true,"href":"https:\/\/cipele.ba\/en\/wp-json\/wp\/v2\/product_cat?post=30339"},{"taxonomy":"product_tag","embeddable":true,"href":"https:\/\/cipele.ba\/en\/wp-json\/wp\/v2\/product_tag?post=30339"}],"curies":[{"name":"wp","href":"https:\/\/api.w.org\/{rel}","templated":true}]}}