{"id":30341,"date":"2025-11-06T11:19:47","date_gmt":"2025-11-06T11:19:47","guid":{"rendered":"https:\/\/cipele.ba\/shop\/uncategorized\/kronos-mickey-4\/"},"modified":"2026-04-22T04:33:20","modified_gmt":"2026-04-22T04:33:20","slug":"kronos-mickey-4","status":"publish","type":"product","link":"https:\/\/cipele.ba\/en\/shop\/muskarci\/muske-patike\/kronos-mickey-4\/","title":{"rendered":"Kronos Mickey"},"content":{"rendered":"<p><!--googleoff: all--> <\/p>\n<p> Uli\u010dna moda susre\u0107e udobnost u izrazito modernoj Kronos Mickey mu\u0161koj lifestyle patiki. <\/p>\n<\/p>\n<p> <b> Detalji <\/b> <\/p>\n<li> Vezanje na pertle <\/li>\n<li> Kronos logo <\/li>\n<li> Jezi\u010dak za povla\u010denje na peti i jeziku <!--googleon: all--> <\/li>","protected":false},"excerpt":{"rendered":"<p>Uli\u010dna moda susre\u0107e udobnost u izrazito modernoj Kronos Mickey mu\u0161koj lifestyle patiki. Detalji Vezanje na pertle Kronos logo Jezi\u010dak za povla\u010denje na peti i jeziku<\/p>","protected":false},"featured_media":30340,"template":"","meta":{"jetpack_post_was_ever_published":false},"product_brand":[111],"product_cat":[67],"product_tag":[],"class_list":{"0":"post-30341","1":"product","2":"type-product","3":"status-publish","4":"has-post-thumbnail","6":"product_brand-sport_reality","7":"product_cat-muske-patike","9":"first","10":"instock","11":"shipping-taxable","12":"product-type-external"},"jetpack-related-posts":[],"jetpack_sharing_enabled":true,"_links":{"self":[{"href":"https:\/\/cipele.ba\/en\/wp-json\/wp\/v2\/product\/30341","targetHints":{"allow":["GET"]}}],"collection":[{"href":"https:\/\/cipele.ba\/en\/wp-json\/wp\/v2\/product"}],"about":[{"href":"https:\/\/cipele.ba\/en\/wp-json\/wp\/v2\/types\/product"}],"wp:featuredmedia":[{"embeddable":true,"href":"https:\/\/cipele.ba\/en\/wp-json\/wp\/v2\/media\/30340"}],"wp:attachment":[{"href":"https:\/\/cipele.ba\/en\/wp-json\/wp\/v2\/media?parent=30341"}],"wp:term":[{"taxonomy":"product_brand","embeddable":true,"href":"https:\/\/cipele.ba\/en\/wp-json\/wp\/v2\/product_brand?post=30341"},{"taxonomy":"product_cat","embeddable":true,"href":"https:\/\/cipele.ba\/en\/wp-json\/wp\/v2\/product_cat?post=30341"},{"taxonomy":"product_tag","embeddable":true,"href":"https:\/\/cipele.ba\/en\/wp-json\/wp\/v2\/product_tag?post=30341"}],"curies":[{"name":"wp","href":"https:\/\/api.w.org\/{rel}","templated":true}]}}