{"id":30351,"date":"2025-11-06T11:19:53","date_gmt":"2025-11-06T11:19:53","guid":{"rendered":"https:\/\/cipele.ba\/shop\/uncategorized\/kronos-petros-3\/"},"modified":"2026-04-22T01:00:40","modified_gmt":"2026-04-22T01:00:40","slug":"kronos-petros-3","status":"publish","type":"product","link":"https:\/\/cipele.ba\/en\/shop\/muskarci\/muske-patike\/kronos-petros-3\/","title":{"rendered":"Kronos Petros"},"content":{"rendered":"<p><!--googleoff: all--> <\/p>\n<p> Kronos Petros su mu\u0161ke lifestyle patike koje podi\u017eu svaki casual izgled. Jednostavne, a upe\u010datljive, pru\u017eaju cjelodnevnu udobnost. <\/p>\n<\/p>\n<p> <b> Detalji <\/b> <\/p>\n<li> Vezanje na pertle <\/li>\n<li> Kronos logo <\/li>\n<li> Jezi\u010dak za povla\u010denje na peti <!--googleon: all--> <\/li>","protected":false},"excerpt":{"rendered":"<p>Kronos Petros su mu\u0161ke lifestyle patike koje podi\u017eu svaki casual izgled. Jednostavne, a upe\u010datljive, pru\u017eaju cjelodnevnu udobnost. Detalji Vezanje na pertle Kronos logo Jezi\u010dak za povla\u010denje na peti<\/p>","protected":false},"featured_media":30349,"template":"","meta":{"jetpack_post_was_ever_published":false},"product_brand":[111],"product_cat":[67],"product_tag":[],"class_list":{"0":"post-30351","1":"product","2":"type-product","3":"status-publish","4":"has-post-thumbnail","6":"product_brand-sport_reality","7":"product_cat-muske-patike","9":"first","10":"instock","11":"sale","12":"shipping-taxable","13":"product-type-external"},"jetpack-related-posts":[],"jetpack_sharing_enabled":true,"_links":{"self":[{"href":"https:\/\/cipele.ba\/en\/wp-json\/wp\/v2\/product\/30351","targetHints":{"allow":["GET"]}}],"collection":[{"href":"https:\/\/cipele.ba\/en\/wp-json\/wp\/v2\/product"}],"about":[{"href":"https:\/\/cipele.ba\/en\/wp-json\/wp\/v2\/types\/product"}],"wp:featuredmedia":[{"embeddable":true,"href":"https:\/\/cipele.ba\/en\/wp-json\/wp\/v2\/media\/30349"}],"wp:attachment":[{"href":"https:\/\/cipele.ba\/en\/wp-json\/wp\/v2\/media?parent=30351"}],"wp:term":[{"taxonomy":"product_brand","embeddable":true,"href":"https:\/\/cipele.ba\/en\/wp-json\/wp\/v2\/product_brand?post=30351"},{"taxonomy":"product_cat","embeddable":true,"href":"https:\/\/cipele.ba\/en\/wp-json\/wp\/v2\/product_cat?post=30351"},{"taxonomy":"product_tag","embeddable":true,"href":"https:\/\/cipele.ba\/en\/wp-json\/wp\/v2\/product_tag?post=30351"}],"curies":[{"name":"wp","href":"https:\/\/api.w.org\/{rel}","templated":true}]}}