{"id":30353,"date":"2025-11-06T11:19:55","date_gmt":"2025-11-06T11:19:55","guid":{"rendered":"https:\/\/cipele.ba\/shop\/uncategorized\/kronos-rilley-4\/"},"modified":"2026-04-22T00:24:38","modified_gmt":"2026-04-22T00:24:38","slug":"kronos-rilley-4","status":"publish","type":"product","link":"https:\/\/cipele.ba\/en\/shop\/muskarci\/muske-patike\/kronos-rilley-4\/","title":{"rendered":"Kronos RILLEY"},"content":{"rendered":"<p><!--googleoff: all--> <\/p>\n<p>Kronos Rilley su mu\u0161ke lifestyle patike iz ekskluzivne Memory Foam kolekcije, dizajnirane za udobnost i lako\u0107u kretanja tokom cijelog dana. Zahvaljuju\u0107i ulo\u0161ku od memorijske pjene, patike se prilago\u0111avaju obliku stopala, pru\u017eaju\u0107i optimalnu podr\u0161ku i smanjenje pritiska. Idealne su za svakodnevne aktivnosti, \u0161etnje i urbani stil. <br \/>Detalji:<\/p>\n<li> Memory Foam ulo\u017eak \u2013 za personalizovanu udobnost i rastere\u0107enje stopala.<\/li>\n<li> Lagana konstrukcija \u2013 omogu\u0107ava lako\u0107u pokreta i dugotrajno no\u0161enje.<\/li>\n<li> Svestran dizajn \u2013 uklapa se uz razli\u010dite stilove i prilike. <!--googleon: all--> <\/li>","protected":false},"excerpt":{"rendered":"<p>Kronos Rilley su mu\u0161ke lifestyle patike iz ekskluzivne Memory Foam kolekcije, dizajnirane za udobnost i lako\u0107u kretanja tokom cijelog dana. Zahvaljuju\u0107i ulo\u0161ku od memorijske pjene, patike se prilago\u0111avaju obliku stopala, pru\u017eaju\u0107i optimalnu podr\u0161ku i smanjenje pritiska. Idealne su za svakodnevne aktivnosti, \u0161etnje i urbani stil. Detalji: Memory Foam ulo\u017eak \u2013 za personalizovanu udobnost i rastere\u0107enje [&hellip;]<\/p>","protected":false},"featured_media":30352,"template":"","meta":{"jetpack_post_was_ever_published":false},"product_brand":[111],"product_cat":[67],"product_tag":[],"class_list":{"0":"post-30353","1":"product","2":"type-product","3":"status-publish","4":"has-post-thumbnail","6":"product_brand-sport_reality","7":"product_cat-muske-patike","9":"first","10":"instock","11":"sale","12":"shipping-taxable","13":"product-type-external"},"jetpack-related-posts":[],"jetpack_sharing_enabled":true,"_links":{"self":[{"href":"https:\/\/cipele.ba\/en\/wp-json\/wp\/v2\/product\/30353","targetHints":{"allow":["GET"]}}],"collection":[{"href":"https:\/\/cipele.ba\/en\/wp-json\/wp\/v2\/product"}],"about":[{"href":"https:\/\/cipele.ba\/en\/wp-json\/wp\/v2\/types\/product"}],"wp:featuredmedia":[{"embeddable":true,"href":"https:\/\/cipele.ba\/en\/wp-json\/wp\/v2\/media\/30352"}],"wp:attachment":[{"href":"https:\/\/cipele.ba\/en\/wp-json\/wp\/v2\/media?parent=30353"}],"wp:term":[{"taxonomy":"product_brand","embeddable":true,"href":"https:\/\/cipele.ba\/en\/wp-json\/wp\/v2\/product_brand?post=30353"},{"taxonomy":"product_cat","embeddable":true,"href":"https:\/\/cipele.ba\/en\/wp-json\/wp\/v2\/product_cat?post=30353"},{"taxonomy":"product_tag","embeddable":true,"href":"https:\/\/cipele.ba\/en\/wp-json\/wp\/v2\/product_tag?post=30353"}],"curies":[{"name":"wp","href":"https:\/\/api.w.org\/{rel}","templated":true}]}}