{"id":30359,"date":"2025-11-06T11:19:59","date_gmt":"2025-11-06T11:19:59","guid":{"rendered":"https:\/\/cipele.ba\/shop\/uncategorized\/kronos-leonardo-3\/"},"modified":"2026-04-22T06:11:19","modified_gmt":"2026-04-22T06:11:19","slug":"kronos-leonardo-3","status":"publish","type":"product","link":"https:\/\/cipele.ba\/en\/shop\/muskarci\/muske-patike\/kronos-leonardo-3\/","title":{"rendered":"Kronos Leonardo"},"content":{"rendered":"<p><!--googleoff: all--> <\/p>\n<p> Prozra\u010dne i udobne, Kronos Leonardo mu\u0161ke lifestyle patike su spremne za svakodnevni \u017eivot. <\/p>\n<\/p>\n<p> <b> Detalji <\/b> <\/p>\n<li> Vezanje na pertle <\/li>\n<li> Kronos logo <\/li>\n<li> Jezi\u010dak za povla\u010denje na peti <!--googleon: all--> <\/li>","protected":false},"excerpt":{"rendered":"<p>Prozra\u010dne i udobne, Kronos Leonardo mu\u0161ke lifestyle patike su spremne za svakodnevni \u017eivot. Detalji Vezanje na pertle Kronos logo Jezi\u010dak za povla\u010denje na peti<\/p>","protected":false},"featured_media":30357,"template":"","meta":{"jetpack_post_was_ever_published":false},"product_brand":[111],"product_cat":[67],"product_tag":[],"class_list":{"0":"post-30359","1":"product","2":"type-product","3":"status-publish","4":"has-post-thumbnail","6":"product_brand-sport_reality","7":"product_cat-muske-patike","9":"first","10":"instock","11":"shipping-taxable","12":"product-type-external"},"jetpack-related-posts":[],"jetpack_sharing_enabled":true,"_links":{"self":[{"href":"https:\/\/cipele.ba\/en\/wp-json\/wp\/v2\/product\/30359","targetHints":{"allow":["GET"]}}],"collection":[{"href":"https:\/\/cipele.ba\/en\/wp-json\/wp\/v2\/product"}],"about":[{"href":"https:\/\/cipele.ba\/en\/wp-json\/wp\/v2\/types\/product"}],"wp:featuredmedia":[{"embeddable":true,"href":"https:\/\/cipele.ba\/en\/wp-json\/wp\/v2\/media\/30357"}],"wp:attachment":[{"href":"https:\/\/cipele.ba\/en\/wp-json\/wp\/v2\/media?parent=30359"}],"wp:term":[{"taxonomy":"product_brand","embeddable":true,"href":"https:\/\/cipele.ba\/en\/wp-json\/wp\/v2\/product_brand?post=30359"},{"taxonomy":"product_cat","embeddable":true,"href":"https:\/\/cipele.ba\/en\/wp-json\/wp\/v2\/product_cat?post=30359"},{"taxonomy":"product_tag","embeddable":true,"href":"https:\/\/cipele.ba\/en\/wp-json\/wp\/v2\/product_tag?post=30359"}],"curies":[{"name":"wp","href":"https:\/\/api.w.org\/{rel}","templated":true}]}}